{"id":13275,"date":"2023-01-03T10:31:46","date_gmt":"2023-01-03T15:31:46","guid":{"rendered":"https:\/\/www.staging.equiparc.com\/produit-equiparc\/"},"modified":"2026-03-31T14:41:59","modified_gmt":"2026-03-31T18:41:59","slug":"produit-equiparc","status":"publish","type":"page","link":"https:\/\/equiparc.com\/fr\/produit-equiparc\/","title":{"rendered":"Produit Equiparc"},"content":{"rendered":"\n<p class=\"has-text-color has-link-color wp-elements-4729334e2ff5a677653287428b42454a\" style=\"color:#878686;font-size:18px\"><strong>D\u00e9couvrez notre large gamme de mobilier urbain : bancs, tables, paniers \u00e0 rebuts, supports \u00e0 v\u00e9los, et plus encore. Profitez de nos styles vari\u00e9s et de nos mat\u00e9riaux de qualit\u00e9 pour embellir vos espaces ext\u00e9rieurs avec des solutions esth\u00e9tiques et durables.<\/strong><\/p>\n","protected":false},"excerpt":{"rendered":"<p>D\u00e9couvrez notre large gamme de mobilier urbain : bancs, tables, paniers \u00e0 rebuts, supports \u00e0 v\u00e9los, et plus encore. Profitez de nos styles vari\u00e9s et de nos mat\u00e9riaux de qualit\u00e9 pour embellir vos espaces ext\u00e9rieurs avec des solutions esth\u00e9tiques et durables.<\/p>\n","protected":false},"author":7,"featured_media":0,"parent":0,"menu_order":0,"comment_status":"closed","ping_status":"closed","template":"template-parts\/page-product.php","meta":{"_acf_changed":false,"inline_featured_image":false,"footnotes":""},"class_list":["post-13275","page","type-page","status-publish","hentry"],"acf":[],"yoast_head":"<!-- This site is optimized with the Yoast SEO plugin v27.3 - https:\/\/yoast.com\/product\/yoast-seo-wordpress\/ -->\n<title>Mobilier urbain : bancs de parc, supports \u00e0 v\u00e9los et plus | Equiparc<\/title>\n<meta name=\"description\" content=\"D\u00e9couvrez notre large gamme de mobilier urbain : bancs, tables, paniers \u00e0 rebuts, supports \u00e0 v\u00e9los, et plus encore. Visitez-nous d\u00e8s aujourd&#039;hui.\" \/>\n<meta name=\"robots\" content=\"index, follow, max-snippet:-1, max-image-preview:large, max-video-preview:-1\" \/>\n<link rel=\"canonical\" href=\"https:\/\/equiparc.com\/fr\/produit-equiparc\/\" \/>\n<meta property=\"og:locale\" content=\"fr_CA\" \/>\n<meta property=\"og:type\" content=\"article\" \/>\n<meta property=\"og:title\" content=\"Mobilier urbain : bancs de parc, supports \u00e0 v\u00e9los et plus | Equiparc\" \/>\n<meta property=\"og:description\" content=\"D\u00e9couvrez notre large gamme de mobilier urbain : bancs, tables, paniers \u00e0 rebuts, supports \u00e0 v\u00e9los, et plus encore. Visitez-nous d\u00e8s aujourd&#039;hui.\" \/>\n<meta property=\"og:url\" content=\"https:\/\/equiparc.com\/fr\/produit-equiparc\/\" \/>\n<meta property=\"og:site_name\" content=\"Equiparc\" \/>\n<meta property=\"article:publisher\" content=\"https:\/\/www.facebook.com\/Equiparcmobilierurbain\" \/>\n<meta property=\"article:modified_time\" content=\"2026-03-31T18:41:59+00:00\" \/>\n<meta property=\"og:image\" content=\"https:\/\/equiparc.com\/wp-content\/uploads\/2023\/07\/64_8528_29_30-scaled.webp\" \/>\n\t<meta property=\"og:image:width\" content=\"2560\" \/>\n\t<meta property=\"og:image:height\" content=\"1999\" \/>\n\t<meta property=\"og:image:type\" content=\"image\/webp\" \/>\n<meta name=\"twitter:card\" content=\"summary_large_image\" \/>\n<meta name=\"twitter:site\" content=\"@equiparc\" \/>\n<meta name=\"twitter:label1\" content=\"Estimation du temps de lecture\" \/>\n\t<meta name=\"twitter:data1\" content=\"1 minute\" \/>\n<script type=\"application\/ld+json\" class=\"yoast-schema-graph\">{\"@context\":\"https:\\\/\\\/schema.org\",\"@graph\":[{\"@type\":\"WebPage\",\"@id\":\"https:\\\/\\\/equiparc.com\\\/fr\\\/produit-equiparc\\\/\",\"url\":\"https:\\\/\\\/equiparc.com\\\/fr\\\/produit-equiparc\\\/\",\"name\":\"Mobilier urbain : bancs de parc, supports \u00e0 v\u00e9los et plus | Equiparc\",\"isPartOf\":{\"@id\":\"https:\\\/\\\/equiparc.com\\\/fr\\\/#website\"},\"datePublished\":\"2023-01-03T15:31:46+00:00\",\"dateModified\":\"2026-03-31T18:41:59+00:00\",\"description\":\"D\u00e9couvrez notre large gamme de mobilier urbain : bancs, tables, paniers \u00e0 rebuts, supports \u00e0 v\u00e9los, et plus encore. Visitez-nous d\u00e8s aujourd'hui.\",\"breadcrumb\":{\"@id\":\"https:\\\/\\\/equiparc.com\\\/fr\\\/produit-equiparc\\\/#breadcrumb\"},\"inLanguage\":\"fr-CA\",\"potentialAction\":[{\"@type\":\"ReadAction\",\"target\":[\"https:\\\/\\\/equiparc.com\\\/fr\\\/produit-equiparc\\\/\"]}]},{\"@type\":\"BreadcrumbList\",\"@id\":\"https:\\\/\\\/equiparc.com\\\/fr\\\/produit-equiparc\\\/#breadcrumb\",\"itemListElement\":[{\"@type\":\"ListItem\",\"position\":1,\"name\":\"Home\",\"item\":\"https:\\\/\\\/equiparc.com\\\/fr\\\/\"},{\"@type\":\"ListItem\",\"position\":2,\"name\":\"Produit Equiparc\"}]},{\"@type\":\"WebSite\",\"@id\":\"https:\\\/\\\/equiparc.com\\\/fr\\\/#website\",\"url\":\"https:\\\/\\\/equiparc.com\\\/fr\\\/\",\"name\":\"Equiparc\",\"description\":\"\",\"publisher\":{\"@id\":\"https:\\\/\\\/equiparc.com\\\/fr\\\/#organization\"},\"potentialAction\":[{\"@type\":\"SearchAction\",\"target\":{\"@type\":\"EntryPoint\",\"urlTemplate\":\"https:\\\/\\\/equiparc.com\\\/fr\\\/?s={search_term_string}\"},\"query-input\":{\"@type\":\"PropertyValueSpecification\",\"valueRequired\":true,\"valueName\":\"search_term_string\"}}],\"inLanguage\":\"fr-CA\"},{\"@type\":\"Organization\",\"@id\":\"https:\\\/\\\/equiparc.com\\\/fr\\\/#organization\",\"name\":\"Equiparc\",\"url\":\"https:\\\/\\\/equiparc.com\\\/fr\\\/\",\"logo\":{\"@type\":\"ImageObject\",\"inLanguage\":\"fr-CA\",\"@id\":\"https:\\\/\\\/equiparc.com\\\/fr\\\/#\\\/schema\\\/logo\\\/image\\\/\",\"url\":\"https:\\\/\\\/equiparc.com\\\/wp-content\\\/uploads\\\/2023\\\/07\\\/equiparc-smo.png\",\"contentUrl\":\"https:\\\/\\\/equiparc.com\\\/wp-content\\\/uploads\\\/2023\\\/07\\\/equiparc-smo.png\",\"width\":576,\"height\":579,\"caption\":\"Equiparc\"},\"image\":{\"@id\":\"https:\\\/\\\/equiparc.com\\\/fr\\\/#\\\/schema\\\/logo\\\/image\\\/\"},\"sameAs\":[\"https:\\\/\\\/www.facebook.com\\\/Equiparcmobilierurbain\",\"https:\\\/\\\/x.com\\\/equiparc\"]}]}<\/script>\n<!-- \/ Yoast SEO plugin. -->","yoast_head_json":{"title":"Mobilier urbain : bancs de parc, supports \u00e0 v\u00e9los et plus | Equiparc","description":"D\u00e9couvrez notre large gamme de mobilier urbain : bancs, tables, paniers \u00e0 rebuts, supports \u00e0 v\u00e9los, et plus encore. Visitez-nous d\u00e8s aujourd'hui.","robots":{"index":"index","follow":"follow","max-snippet":"max-snippet:-1","max-image-preview":"max-image-preview:large","max-video-preview":"max-video-preview:-1"},"canonical":"https:\/\/equiparc.com\/fr\/produit-equiparc\/","og_locale":"fr_CA","og_type":"article","og_title":"Mobilier urbain : bancs de parc, supports \u00e0 v\u00e9los et plus | Equiparc","og_description":"D\u00e9couvrez notre large gamme de mobilier urbain : bancs, tables, paniers \u00e0 rebuts, supports \u00e0 v\u00e9los, et plus encore. Visitez-nous d\u00e8s aujourd'hui.","og_url":"https:\/\/equiparc.com\/fr\/produit-equiparc\/","og_site_name":"Equiparc","article_publisher":"https:\/\/www.facebook.com\/Equiparcmobilierurbain","article_modified_time":"2026-03-31T18:41:59+00:00","og_image":[{"width":2560,"height":1999,"url":"https:\/\/equiparc.com\/wp-content\/uploads\/2023\/07\/64_8528_29_30-scaled.webp","type":"image\/webp"}],"twitter_card":"summary_large_image","twitter_site":"@equiparc","twitter_misc":{"Estimation du temps de lecture":"1 minute"},"schema":{"@context":"https:\/\/schema.org","@graph":[{"@type":"WebPage","@id":"https:\/\/equiparc.com\/fr\/produit-equiparc\/","url":"https:\/\/equiparc.com\/fr\/produit-equiparc\/","name":"Mobilier urbain : bancs de parc, supports \u00e0 v\u00e9los et plus | Equiparc","isPartOf":{"@id":"https:\/\/equiparc.com\/fr\/#website"},"datePublished":"2023-01-03T15:31:46+00:00","dateModified":"2026-03-31T18:41:59+00:00","description":"D\u00e9couvrez notre large gamme de mobilier urbain : bancs, tables, paniers \u00e0 rebuts, supports \u00e0 v\u00e9los, et plus encore. Visitez-nous d\u00e8s aujourd'hui.","breadcrumb":{"@id":"https:\/\/equiparc.com\/fr\/produit-equiparc\/#breadcrumb"},"inLanguage":"fr-CA","potentialAction":[{"@type":"ReadAction","target":["https:\/\/equiparc.com\/fr\/produit-equiparc\/"]}]},{"@type":"BreadcrumbList","@id":"https:\/\/equiparc.com\/fr\/produit-equiparc\/#breadcrumb","itemListElement":[{"@type":"ListItem","position":1,"name":"Home","item":"https:\/\/equiparc.com\/fr\/"},{"@type":"ListItem","position":2,"name":"Produit Equiparc"}]},{"@type":"WebSite","@id":"https:\/\/equiparc.com\/fr\/#website","url":"https:\/\/equiparc.com\/fr\/","name":"Equiparc","description":"","publisher":{"@id":"https:\/\/equiparc.com\/fr\/#organization"},"potentialAction":[{"@type":"SearchAction","target":{"@type":"EntryPoint","urlTemplate":"https:\/\/equiparc.com\/fr\/?s={search_term_string}"},"query-input":{"@type":"PropertyValueSpecification","valueRequired":true,"valueName":"search_term_string"}}],"inLanguage":"fr-CA"},{"@type":"Organization","@id":"https:\/\/equiparc.com\/fr\/#organization","name":"Equiparc","url":"https:\/\/equiparc.com\/fr\/","logo":{"@type":"ImageObject","inLanguage":"fr-CA","@id":"https:\/\/equiparc.com\/fr\/#\/schema\/logo\/image\/","url":"https:\/\/equiparc.com\/wp-content\/uploads\/2023\/07\/equiparc-smo.png","contentUrl":"https:\/\/equiparc.com\/wp-content\/uploads\/2023\/07\/equiparc-smo.png","width":576,"height":579,"caption":"Equiparc"},"image":{"@id":"https:\/\/equiparc.com\/fr\/#\/schema\/logo\/image\/"},"sameAs":["https:\/\/www.facebook.com\/Equiparcmobilierurbain","https:\/\/x.com\/equiparc"]}]}},"_links":{"self":[{"href":"https:\/\/equiparc.com\/fr\/wp-json\/wp\/v2\/pages\/13275","targetHints":{"allow":["GET"]}}],"collection":[{"href":"https:\/\/equiparc.com\/fr\/wp-json\/wp\/v2\/pages"}],"about":[{"href":"https:\/\/equiparc.com\/fr\/wp-json\/wp\/v2\/types\/page"}],"author":[{"embeddable":true,"href":"https:\/\/equiparc.com\/fr\/wp-json\/wp\/v2\/users\/7"}],"replies":[{"embeddable":true,"href":"https:\/\/equiparc.com\/fr\/wp-json\/wp\/v2\/comments?post=13275"}],"version-history":[{"count":3,"href":"https:\/\/equiparc.com\/fr\/wp-json\/wp\/v2\/pages\/13275\/revisions"}],"predecessor-version":[{"id":19340,"href":"https:\/\/equiparc.com\/fr\/wp-json\/wp\/v2\/pages\/13275\/revisions\/19340"}],"wp:attachment":[{"href":"https:\/\/equiparc.com\/fr\/wp-json\/wp\/v2\/media?parent=13275"}],"curies":[{"name":"wp","href":"https:\/\/api.w.org\/{rel}","templated":true}]}}