{"id":13177,"date":"2022-04-20T12:31:48","date_gmt":"2022-04-20T16:31:48","guid":{"rendered":"https:\/\/www.staging.equiparc.com\/litterature-equiparc\/interactive-map-equiparc\/"},"modified":"2024-04-19T08:07:43","modified_gmt":"2024-04-19T12:07:43","slug":"carte-interactive-equiparc","status":"publish","type":"page","link":"https:\/\/equiparc.com\/fr\/litterature-equiparc\/carte-interactive-equiparc\/","title":{"rendered":"Carte interactive | Equiparc"},"content":{"rendered":"<p class=\"p1\">\n\t\t\t\t<div class='mapster-wp-maps-container'>\n\t\t\t\t<div class='mapster-wp-maps-loader-container' style='height: 700px;width: 100%;'>\n\t\t\t\t\t<div class='mapster-map-loader-initial' style='background-color: rgba(255, 255, 255, 0)'>\n\t\t\t\t\t\t<svg width='38' height='38' viewBox='0 0 38 38' xmlns='https:\/\/www.w3.org\/2000\/svg' stroke='#333'> <g fill='none' fill-rule='evenodd'> <g transform='translate(1 1)' stroke-width='2'> <circle stroke-opacity='.5' cx='18' cy='18' r='18'\/> <path d='M36 18c0-9.94-8.06-18-18-18'> <animateTransform attributeName='transform' type='rotate' from='0 18 18' to='360 18 18' dur='1s' repeatCount='indefinite'\/> <\/path> <\/g> <\/g> <\/svg>\n\t\t\t\t\t<\/div>\n\t\t\t\t<\/div>\n\t\t\t\t<div class='mapster-wp-maps'\n\t\t\t\t\tid='mapster-wp-maps-18736'\n\t\t\t\t\tdata-id='18736'\n\t\t\t\t\tdata-latitude='null'\n\t\t\t\t\tdata-longitude='null'\n\t\t\t\t\tdata-zoom='null'\n\t\t\t\t\tdata-single_feature_id=''\n\t\t\t\t\tdata-feature_ids=''>\n\t\t\t\t<\/div>\n\t\t\t\t\n\t\t\t<\/div>\n\t\t<\/p>\n","protected":false},"excerpt":{"rendered":"","protected":false},"author":7,"featured_media":0,"parent":12895,"menu_order":5,"comment_status":"closed","ping_status":"closed","template":"","meta":{"_acf_changed":false,"inline_featured_image":false,"footnotes":""},"class_list":["post-13177","page","type-page","status-publish","hentry"],"acf":[],"yoast_head":"<!-- This site is optimized with the Yoast SEO plugin v27.3 - https:\/\/yoast.com\/product\/yoast-seo-wordpress\/ -->\n<title>Carte interactive de nos projets | Equiparc<\/title>\n<meta name=\"description\" content=\"Visitez-nous pour d\u00e9couvrir les endroits o\u00f9 nous avons et avons eu des projets. Vous allez constater que nous sommes partout en Am\u00e9rique du Nord.\" \/>\n<meta name=\"robots\" content=\"index, follow, max-snippet:-1, max-image-preview:large, max-video-preview:-1\" \/>\n<link rel=\"canonical\" href=\"https:\/\/equiparc.com\/fr\/litterature-equiparc\/carte-interactive-equiparc\/\" \/>\n<meta property=\"og:locale\" content=\"fr_CA\" \/>\n<meta property=\"og:type\" content=\"article\" \/>\n<meta property=\"og:title\" content=\"Carte interactive de nos projets | Equiparc\" \/>\n<meta property=\"og:description\" content=\"Visitez-nous pour d\u00e9couvrir les endroits o\u00f9 nous avons et avons eu des projets. Vous allez constater que nous sommes partout en Am\u00e9rique du Nord.\" \/>\n<meta property=\"og:url\" content=\"https:\/\/equiparc.com\/fr\/litterature-equiparc\/carte-interactive-equiparc\/\" \/>\n<meta property=\"og:site_name\" content=\"Equiparc\" \/>\n<meta property=\"article:publisher\" content=\"https:\/\/www.facebook.com\/Equiparcmobilierurbain\" \/>\n<meta property=\"article:modified_time\" content=\"2024-04-19T12:07:43+00:00\" \/>\n<meta property=\"og:image\" content=\"https:\/\/equiparc.com\/wp-content\/uploads\/2023\/07\/64_8528_29_30-scaled.webp\" \/>\n\t<meta property=\"og:image:width\" content=\"2560\" \/>\n\t<meta property=\"og:image:height\" content=\"1999\" \/>\n\t<meta property=\"og:image:type\" content=\"image\/webp\" \/>\n<meta name=\"twitter:card\" content=\"summary_large_image\" \/>\n<meta name=\"twitter:site\" content=\"@equiparc\" \/>\n<meta name=\"twitter:label1\" content=\"Estimation du temps de lecture\" \/>\n\t<meta name=\"twitter:data1\" content=\"1 minute\" \/>\n<script type=\"application\/ld+json\" class=\"yoast-schema-graph\">{\"@context\":\"https:\\\/\\\/schema.org\",\"@graph\":[{\"@type\":\"WebPage\",\"@id\":\"https:\\\/\\\/equiparc.com\\\/fr\\\/litterature-equiparc\\\/carte-interactive-equiparc\\\/\",\"url\":\"https:\\\/\\\/equiparc.com\\\/fr\\\/litterature-equiparc\\\/carte-interactive-equiparc\\\/\",\"name\":\"Carte interactive de nos projets | Equiparc\",\"isPartOf\":{\"@id\":\"https:\\\/\\\/equiparc.com\\\/fr\\\/#website\"},\"datePublished\":\"2022-04-20T16:31:48+00:00\",\"dateModified\":\"2024-04-19T12:07:43+00:00\",\"description\":\"Visitez-nous pour d\u00e9couvrir les endroits o\u00f9 nous avons et avons eu des projets. Vous allez constater que nous sommes partout en Am\u00e9rique du Nord.\",\"breadcrumb\":{\"@id\":\"https:\\\/\\\/equiparc.com\\\/fr\\\/litterature-equiparc\\\/carte-interactive-equiparc\\\/#breadcrumb\"},\"inLanguage\":\"fr-CA\",\"potentialAction\":[{\"@type\":\"ReadAction\",\"target\":[\"https:\\\/\\\/equiparc.com\\\/fr\\\/litterature-equiparc\\\/carte-interactive-equiparc\\\/\"]}]},{\"@type\":\"BreadcrumbList\",\"@id\":\"https:\\\/\\\/equiparc.com\\\/fr\\\/litterature-equiparc\\\/carte-interactive-equiparc\\\/#breadcrumb\",\"itemListElement\":[{\"@type\":\"ListItem\",\"position\":1,\"name\":\"Home\",\"item\":\"https:\\\/\\\/equiparc.com\\\/fr\\\/\"},{\"@type\":\"ListItem\",\"position\":2,\"name\":\"Litt\u00e9rature | Equiparc\",\"item\":\"https:\\\/\\\/www.staging.equiparc.com\\\/fr\\\/litterature-equiparc\\\/\"},{\"@type\":\"ListItem\",\"position\":3,\"name\":\"Carte interactive | Equiparc\"}]},{\"@type\":\"WebSite\",\"@id\":\"https:\\\/\\\/equiparc.com\\\/fr\\\/#website\",\"url\":\"https:\\\/\\\/equiparc.com\\\/fr\\\/\",\"name\":\"Equiparc\",\"description\":\"\",\"publisher\":{\"@id\":\"https:\\\/\\\/equiparc.com\\\/fr\\\/#organization\"},\"potentialAction\":[{\"@type\":\"SearchAction\",\"target\":{\"@type\":\"EntryPoint\",\"urlTemplate\":\"https:\\\/\\\/equiparc.com\\\/fr\\\/?s={search_term_string}\"},\"query-input\":{\"@type\":\"PropertyValueSpecification\",\"valueRequired\":true,\"valueName\":\"search_term_string\"}}],\"inLanguage\":\"fr-CA\"},{\"@type\":\"Organization\",\"@id\":\"https:\\\/\\\/equiparc.com\\\/fr\\\/#organization\",\"name\":\"Equiparc\",\"url\":\"https:\\\/\\\/equiparc.com\\\/fr\\\/\",\"logo\":{\"@type\":\"ImageObject\",\"inLanguage\":\"fr-CA\",\"@id\":\"https:\\\/\\\/equiparc.com\\\/fr\\\/#\\\/schema\\\/logo\\\/image\\\/\",\"url\":\"https:\\\/\\\/equiparc.com\\\/wp-content\\\/uploads\\\/2023\\\/07\\\/equiparc-smo.png\",\"contentUrl\":\"https:\\\/\\\/equiparc.com\\\/wp-content\\\/uploads\\\/2023\\\/07\\\/equiparc-smo.png\",\"width\":576,\"height\":579,\"caption\":\"Equiparc\"},\"image\":{\"@id\":\"https:\\\/\\\/equiparc.com\\\/fr\\\/#\\\/schema\\\/logo\\\/image\\\/\"},\"sameAs\":[\"https:\\\/\\\/www.facebook.com\\\/Equiparcmobilierurbain\",\"https:\\\/\\\/x.com\\\/equiparc\"]}]}<\/script>\n<!-- \/ Yoast SEO plugin. -->","yoast_head_json":{"title":"Carte interactive de nos projets | Equiparc","description":"Visitez-nous pour d\u00e9couvrir les endroits o\u00f9 nous avons et avons eu des projets. Vous allez constater que nous sommes partout en Am\u00e9rique du Nord.","robots":{"index":"index","follow":"follow","max-snippet":"max-snippet:-1","max-image-preview":"max-image-preview:large","max-video-preview":"max-video-preview:-1"},"canonical":"https:\/\/equiparc.com\/fr\/litterature-equiparc\/carte-interactive-equiparc\/","og_locale":"fr_CA","og_type":"article","og_title":"Carte interactive de nos projets | Equiparc","og_description":"Visitez-nous pour d\u00e9couvrir les endroits o\u00f9 nous avons et avons eu des projets. Vous allez constater que nous sommes partout en Am\u00e9rique du Nord.","og_url":"https:\/\/equiparc.com\/fr\/litterature-equiparc\/carte-interactive-equiparc\/","og_site_name":"Equiparc","article_publisher":"https:\/\/www.facebook.com\/Equiparcmobilierurbain","article_modified_time":"2024-04-19T12:07:43+00:00","og_image":[{"width":2560,"height":1999,"url":"https:\/\/equiparc.com\/wp-content\/uploads\/2023\/07\/64_8528_29_30-scaled.webp","type":"image\/webp"}],"twitter_card":"summary_large_image","twitter_site":"@equiparc","twitter_misc":{"Estimation du temps de lecture":"1 minute"},"schema":{"@context":"https:\/\/schema.org","@graph":[{"@type":"WebPage","@id":"https:\/\/equiparc.com\/fr\/litterature-equiparc\/carte-interactive-equiparc\/","url":"https:\/\/equiparc.com\/fr\/litterature-equiparc\/carte-interactive-equiparc\/","name":"Carte interactive de nos projets | Equiparc","isPartOf":{"@id":"https:\/\/equiparc.com\/fr\/#website"},"datePublished":"2022-04-20T16:31:48+00:00","dateModified":"2024-04-19T12:07:43+00:00","description":"Visitez-nous pour d\u00e9couvrir les endroits o\u00f9 nous avons et avons eu des projets. Vous allez constater que nous sommes partout en Am\u00e9rique du Nord.","breadcrumb":{"@id":"https:\/\/equiparc.com\/fr\/litterature-equiparc\/carte-interactive-equiparc\/#breadcrumb"},"inLanguage":"fr-CA","potentialAction":[{"@type":"ReadAction","target":["https:\/\/equiparc.com\/fr\/litterature-equiparc\/carte-interactive-equiparc\/"]}]},{"@type":"BreadcrumbList","@id":"https:\/\/equiparc.com\/fr\/litterature-equiparc\/carte-interactive-equiparc\/#breadcrumb","itemListElement":[{"@type":"ListItem","position":1,"name":"Home","item":"https:\/\/equiparc.com\/fr\/"},{"@type":"ListItem","position":2,"name":"Litt\u00e9rature | Equiparc","item":"https:\/\/www.staging.equiparc.com\/fr\/litterature-equiparc\/"},{"@type":"ListItem","position":3,"name":"Carte interactive | Equiparc"}]},{"@type":"WebSite","@id":"https:\/\/equiparc.com\/fr\/#website","url":"https:\/\/equiparc.com\/fr\/","name":"Equiparc","description":"","publisher":{"@id":"https:\/\/equiparc.com\/fr\/#organization"},"potentialAction":[{"@type":"SearchAction","target":{"@type":"EntryPoint","urlTemplate":"https:\/\/equiparc.com\/fr\/?s={search_term_string}"},"query-input":{"@type":"PropertyValueSpecification","valueRequired":true,"valueName":"search_term_string"}}],"inLanguage":"fr-CA"},{"@type":"Organization","@id":"https:\/\/equiparc.com\/fr\/#organization","name":"Equiparc","url":"https:\/\/equiparc.com\/fr\/","logo":{"@type":"ImageObject","inLanguage":"fr-CA","@id":"https:\/\/equiparc.com\/fr\/#\/schema\/logo\/image\/","url":"https:\/\/equiparc.com\/wp-content\/uploads\/2023\/07\/equiparc-smo.png","contentUrl":"https:\/\/equiparc.com\/wp-content\/uploads\/2023\/07\/equiparc-smo.png","width":576,"height":579,"caption":"Equiparc"},"image":{"@id":"https:\/\/equiparc.com\/fr\/#\/schema\/logo\/image\/"},"sameAs":["https:\/\/www.facebook.com\/Equiparcmobilierurbain","https:\/\/x.com\/equiparc"]}]}},"_links":{"self":[{"href":"https:\/\/equiparc.com\/fr\/wp-json\/wp\/v2\/pages\/13177","targetHints":{"allow":["GET"]}}],"collection":[{"href":"https:\/\/equiparc.com\/fr\/wp-json\/wp\/v2\/pages"}],"about":[{"href":"https:\/\/equiparc.com\/fr\/wp-json\/wp\/v2\/types\/page"}],"author":[{"embeddable":true,"href":"https:\/\/equiparc.com\/fr\/wp-json\/wp\/v2\/users\/7"}],"replies":[{"embeddable":true,"href":"https:\/\/equiparc.com\/fr\/wp-json\/wp\/v2\/comments?post=13177"}],"version-history":[{"count":10,"href":"https:\/\/equiparc.com\/fr\/wp-json\/wp\/v2\/pages\/13177\/revisions"}],"predecessor-version":[{"id":18741,"href":"https:\/\/equiparc.com\/fr\/wp-json\/wp\/v2\/pages\/13177\/revisions\/18741"}],"up":[{"embeddable":true,"href":"https:\/\/equiparc.com\/fr\/wp-json\/wp\/v2\/pages\/12895"}],"wp:attachment":[{"href":"https:\/\/equiparc.com\/fr\/wp-json\/wp\/v2\/media?parent=13177"}],"curies":[{"name":"wp","href":"https:\/\/api.w.org\/{rel}","templated":true}]}}