{"id":13109,"date":"2022-04-20T10:38:35","date_gmt":"2022-04-20T14:38:35","guid":{"rendered":"https:\/\/www.staging.equiparc.com\/our-work-equiparc\/health-and-education-equiparc\/"},"modified":"2024-07-19T10:44:57","modified_gmt":"2024-07-19T14:44:57","slug":"sante-et-education-equiparc","status":"publish","type":"page","link":"https:\/\/equiparc.com\/fr\/realisations-equiparc\/sante-et-education-equiparc\/","title":{"rendered":"Sant\u00e9 et \u00e9ducation | Equiparc"},"content":{"rendered":"\t\t<div data-elementor-type=\"wp-page\" data-elementor-id=\"13109\" class=\"elementor elementor-13109 elementor-3758\" data-elementor-post-type=\"page\">\n\t\t\t\t\t\t<section class=\"elementor-section elementor-top-section elementor-element elementor-element-725ca90 elementor-section-full_width elementor-section-height-default elementor-section-height-default\" data-id=\"725ca90\" data-element_type=\"section\" data-e-type=\"section\" data-settings=\"{&quot;background_background&quot;:&quot;classic&quot;}\">\n\t\t\t\t\t\t<div class=\"elementor-container elementor-column-gap-no\">\n\t\t\t\t\t<div class=\"elementor-column elementor-col-100 elementor-top-column elementor-element elementor-element-00ff4c6\" data-id=\"00ff4c6\" data-element_type=\"column\" data-e-type=\"column\">\n\t\t\t<div class=\"elementor-widget-wrap elementor-element-populated\">\n\t\t\t\t\t\t<div data-dce-title-color=\"#FFFFFF\" data-dce-advanced-background-color=\"#707070\" class=\"elementor-element elementor-element-c9e7517 elementor-widget elementor-widget-heading\" data-id=\"c9e7517\" data-element_type=\"widget\" data-e-type=\"widget\" data-widget_type=\"heading.default\">\n\t\t\t\t<div class=\"elementor-widget-container\">\n\t\t\t\t\t<h2 class=\"elementor-heading-title elementor-size-default\">Sant\u00e9 et \u00e9ducation<\/h2>\t\t\t\t<\/div>\n\t\t\t\t<\/div>\n\t\t\t\t\t<\/div>\n\t\t<\/div>\n\t\t\t\t\t<\/div>\n\t\t<\/section>\n\t\t\t\t<section class=\"elementor-section elementor-top-section elementor-element elementor-element-31013e5 elementor-section-full_width elementor-section-height-default elementor-section-height-default\" data-id=\"31013e5\" data-element_type=\"section\" data-e-type=\"section\" data-settings=\"{&quot;background_background&quot;:&quot;classic&quot;}\">\n\t\t\t\t\t\t<div class=\"elementor-container elementor-column-gap-no\">\n\t\t\t\t\t<div class=\"elementor-column elementor-col-100 elementor-top-column elementor-element elementor-element-d828948\" data-id=\"d828948\" data-element_type=\"column\" data-e-type=\"column\">\n\t\t\t<div class=\"elementor-widget-wrap elementor-element-populated\">\n\t\t\t\t\t\t<div class=\"elementor-element elementor-element-38b387a elementor-widget elementor-widget-text-editor\" data-id=\"38b387a\" data-element_type=\"widget\" data-e-type=\"widget\" data-widget_type=\"text-editor.default\">\n\t\t\t\t<div class=\"elementor-widget-container\">\n\t\t\t\t\t\t\t\t\t<p>Lorem ipsum dolor sit amet, consectetur adipiscing elit. Ut elit tellus, luctus nec ullamcorper mattis, pulvinar dapibus leo.<\/p>\t\t\t\t\t\t\t\t<\/div>\n\t\t\t\t<\/div>\n\t\t\t\t\t<\/div>\n\t\t<\/div>\n\t\t\t\t\t<\/div>\n\t\t<\/section>\n\t\t\t\t<section class=\"elementor-section elementor-top-section elementor-element elementor-element-1ef5976 elementor-section-full_width elementor-section-height-default elementor-section-height-default\" data-id=\"1ef5976\" data-element_type=\"section\" data-e-type=\"section\" data-settings=\"{&quot;background_background&quot;:&quot;classic&quot;}\">\n\t\t\t\t\t\t<div class=\"elementor-container elementor-column-gap-no\">\n\t\t\t\t\t<div class=\"elementor-column elementor-col-100 elementor-top-column elementor-element elementor-element-6791423\" data-id=\"6791423\" data-element_type=\"column\" data-e-type=\"column\">\n\t\t\t<div class=\"elementor-widget-wrap elementor-element-populated\">\n\t\t\t\t\t\t<div class=\"elementor-element elementor-element-256c44b elementor-grid-tablet-1 elementor-posts--thumbnail-top elementor-grid-3 elementor-grid-mobile-1 elementor-widget elementor-widget-posts\" data-id=\"256c44b\" data-element_type=\"widget\" data-e-type=\"widget\" data-settings=\"{&quot;custom_columns_tablet&quot;:&quot;1&quot;,&quot;custom_row_gap_tablet&quot;:{&quot;unit&quot;:&quot;px&quot;,&quot;size&quot;:24,&quot;sizes&quot;:[]},&quot;custom_columns&quot;:&quot;3&quot;,&quot;custom_columns_mobile&quot;:&quot;1&quot;,&quot;custom_row_gap&quot;:{&quot;unit&quot;:&quot;px&quot;,&quot;size&quot;:35,&quot;sizes&quot;:[]},&quot;custom_row_gap_mobile&quot;:{&quot;unit&quot;:&quot;px&quot;,&quot;size&quot;:&quot;&quot;,&quot;sizes&quot;:[]}}\" data-widget_type=\"posts.custom\">\n\t\t\t\t<div class=\"elementor-widget-container\">\n\t\t\t\t\t      <div class=\"ecs-posts elementor-posts-container elementor-posts   elementor-grid elementor-posts--skin-custom\" data-settings=\"{&quot;current_page&quot;:1,&quot;max_num_pages&quot;:1,&quot;load_method&quot;:&quot;&quot;,&quot;widget_id&quot;:&quot;256c44b&quot;,&quot;post_id&quot;:13109,&quot;theme_id&quot;:13109,&quot;change_url&quot;:false,&quot;reinit_js&quot;:false}\">\n      \t\t<article id=\"post-13091\" class=\"elementor-post elementor-grid-item ecs-post-loop post-13091 project type-project status-publish has-post-thumbnail hentry category-sante-et-education\">\n\t\t\t\t<div data-elementor-type=\"loop\" data-elementor-id=\"13098\" class=\"elementor elementor-13098 elementor-4202 elementor-4202 post-13091 project type-project status-publish has-post-thumbnail hentry category-sante-et-education\" data-elementor-post-type=\"elementor_library\">\n\t\t\t\t\t<section class=\"elementor-section elementor-top-section elementor-element elementor-element-b924c77 elementor-section-boxed elementor-section-height-default elementor-section-height-default\" data-id=\"b924c77\" data-element_type=\"section\" data-e-type=\"section\">\n\t\t\t\t\t\t<div class=\"elementor-container elementor-column-gap-no\">\n\t\t\t\t\t<div data-wts-url=\"https:\/\/equiparc.com\/fr\/project\/chu-sainte-justine\/\" data-wts-link=\"yes\" data-wts-new-window=\"\" class=\"elementor-column elementor-col-100 elementor-top-column elementor-element elementor-element-83e9c93 ae-link-yes\" data-id=\"83e9c93\" data-element_type=\"column\" data-e-type=\"column\">\n\t\t\t<div class=\"elementor-widget-wrap elementor-element-populated\">\n\t\t\t\t\t\t<div data-dce-advanced-background-color=\"#FFFFFF\" class=\"elementor-element elementor-element-1081ab1 elementor-widget elementor-widget-text-editor\" data-id=\"1081ab1\" data-element_type=\"widget\" data-e-type=\"widget\" data-widget_type=\"text-editor.default\">\n\t\t\t\t<div class=\"elementor-widget-container\">\n\t\t\t\t\t\t\t\t\tCHU Sainte-Justine\t\t\t\t\t\t\t\t<\/div>\n\t\t\t\t<\/div>\n\t\t\t\t<div class=\"elementor-element elementor-element-cc28e13 elementor-widget elementor-widget-image\" data-id=\"cc28e13\" data-element_type=\"widget\" data-e-type=\"widget\" data-widget_type=\"image.default\">\n\t\t\t\t<div class=\"elementor-widget-container\">\n\t\t\t\t\t\t\t\t\t\t\t\t\t\t\t<img fetchpriority=\"high\" decoding=\"async\" width=\"1024\" height=\"576\" src=\"https:\/\/equiparc.com\/wp-content\/uploads\/2022\/04\/Sainte-Justine-004.jpeg\" class=\"attachment-large size-large wp-image-4152\" alt=\"\" \/>\t\t\t\t\t\t\t\t\t\t\t\t\t\t\t<\/div>\n\t\t\t\t<\/div>\n\t\t\t\t\t<\/div>\n\t\t<\/div>\n\t\t\t\t\t<\/div>\n\t\t<\/section>\n\t\t\t\t<\/div>\n\t\t\t\t<\/article>\n\t\t\t\t<article id=\"post-13093\" class=\"elementor-post elementor-grid-item ecs-post-loop post-13093 project type-project status-publish has-post-thumbnail hentry category-sante-et-education\">\n\t\t\t\t<div data-elementor-type=\"loop\" data-elementor-id=\"13098\" class=\"elementor elementor-13098 elementor-4202 elementor-4202 post-13093 project type-project status-publish has-post-thumbnail hentry category-sante-et-education\" data-elementor-post-type=\"elementor_library\">\n\t\t\t\t\t<section class=\"elementor-section elementor-top-section elementor-element elementor-element-b924c77 elementor-section-boxed elementor-section-height-default elementor-section-height-default\" data-id=\"b924c77\" data-element_type=\"section\" data-e-type=\"section\">\n\t\t\t\t\t\t<div class=\"elementor-container elementor-column-gap-no\">\n\t\t\t\t\t<div data-wts-url=\"https:\/\/equiparc.com\/fr\/project\/ecole-primaire-guy-drummond\/\" data-wts-link=\"yes\" data-wts-new-window=\"\" class=\"elementor-column elementor-col-100 elementor-top-column elementor-element elementor-element-83e9c93 ae-link-yes\" data-id=\"83e9c93\" data-element_type=\"column\" data-e-type=\"column\">\n\t\t\t<div class=\"elementor-widget-wrap elementor-element-populated\">\n\t\t\t\t\t\t<div data-dce-advanced-background-color=\"#FFFFFF\" class=\"elementor-element elementor-element-1081ab1 elementor-widget elementor-widget-text-editor\" data-id=\"1081ab1\" data-element_type=\"widget\" data-e-type=\"widget\" data-widget_type=\"text-editor.default\">\n\t\t\t\t<div class=\"elementor-widget-container\">\n\t\t\t\t\t\t\t\t\t\u00c9cole primaire Guy-Drummond\t\t\t\t\t\t\t\t<\/div>\n\t\t\t\t<\/div>\n\t\t\t\t<div class=\"elementor-element elementor-element-cc28e13 elementor-widget elementor-widget-image\" data-id=\"cc28e13\" data-element_type=\"widget\" data-e-type=\"widget\" data-widget_type=\"image.default\">\n\t\t\t\t<div class=\"elementor-widget-container\">\n\t\t\t\t\t\t\t\t\t\t\t\t\t\t\t<img decoding=\"async\" width=\"1024\" height=\"683\" src=\"https:\/\/equiparc.com\/wp-content\/uploads\/2022\/04\/IMG_0287-1024x683.webp\" class=\"attachment-large size-large wp-image-17211\" alt=\"\" srcset=\"https:\/\/equiparc.com\/wp-content\/uploads\/2022\/04\/IMG_0287-1024x683.webp 1024w, https:\/\/equiparc.com\/wp-content\/uploads\/2022\/04\/IMG_0287-300x200.webp 300w, https:\/\/equiparc.com\/wp-content\/uploads\/2022\/04\/IMG_0287-768x512.webp 768w, https:\/\/equiparc.com\/wp-content\/uploads\/2022\/04\/IMG_0287-1536x1024.webp 1536w, https:\/\/equiparc.com\/wp-content\/uploads\/2022\/04\/IMG_0287-2048x1365.webp 2048w\" sizes=\"(max-width: 1024px) 100vw, 1024px\" \/>\t\t\t\t\t\t\t\t\t\t\t\t\t\t\t<\/div>\n\t\t\t\t<\/div>\n\t\t\t\t\t<\/div>\n\t\t<\/div>\n\t\t\t\t\t<\/div>\n\t\t<\/section>\n\t\t\t\t<\/div>\n\t\t\t\t<\/article>\n\t\t\t\t<article id=\"post-13094\" class=\"elementor-post elementor-grid-item ecs-post-loop post-13094 project type-project status-publish has-post-thumbnail hentry category-sante-et-education\">\n\t\t\t\t<div data-elementor-type=\"loop\" data-elementor-id=\"13098\" class=\"elementor elementor-13098 elementor-4202 elementor-4202 post-13094 project type-project status-publish has-post-thumbnail hentry category-sante-et-education\" data-elementor-post-type=\"elementor_library\">\n\t\t\t\t\t<section class=\"elementor-section elementor-top-section elementor-element elementor-element-b924c77 elementor-section-boxed elementor-section-height-default elementor-section-height-default\" data-id=\"b924c77\" data-element_type=\"section\" data-e-type=\"section\">\n\t\t\t\t\t\t<div class=\"elementor-container elementor-column-gap-no\">\n\t\t\t\t\t<div data-wts-url=\"https:\/\/equiparc.com\/fr\/project\/college-ahuntsic\/\" data-wts-link=\"yes\" data-wts-new-window=\"\" class=\"elementor-column elementor-col-100 elementor-top-column elementor-element elementor-element-83e9c93 ae-link-yes\" data-id=\"83e9c93\" data-element_type=\"column\" data-e-type=\"column\">\n\t\t\t<div class=\"elementor-widget-wrap elementor-element-populated\">\n\t\t\t\t\t\t<div data-dce-advanced-background-color=\"#FFFFFF\" class=\"elementor-element elementor-element-1081ab1 elementor-widget elementor-widget-text-editor\" data-id=\"1081ab1\" data-element_type=\"widget\" data-e-type=\"widget\" data-widget_type=\"text-editor.default\">\n\t\t\t\t<div class=\"elementor-widget-container\">\n\t\t\t\t\t\t\t\t\tColl\u00e8ge Ahuntsic\t\t\t\t\t\t\t\t<\/div>\n\t\t\t\t<\/div>\n\t\t\t\t<div class=\"elementor-element elementor-element-cc28e13 elementor-widget elementor-widget-image\" data-id=\"cc28e13\" data-element_type=\"widget\" data-e-type=\"widget\" data-widget_type=\"image.default\">\n\t\t\t\t<div class=\"elementor-widget-container\">\n\t\t\t\t\t\t\t\t\t\t\t\t\t\t\t<img decoding=\"async\" width=\"1024\" height=\"683\" src=\"https:\/\/equiparc.com\/wp-content\/uploads\/2022\/04\/CollegeAhuntsic-7x-1024x683.webp\" class=\"attachment-large size-large wp-image-17219\" alt=\"\" srcset=\"https:\/\/equiparc.com\/wp-content\/uploads\/2022\/04\/CollegeAhuntsic-7x-1024x683.webp 1024w, https:\/\/equiparc.com\/wp-content\/uploads\/2022\/04\/CollegeAhuntsic-7x-300x200.webp 300w, https:\/\/equiparc.com\/wp-content\/uploads\/2022\/04\/CollegeAhuntsic-7x-768x512.webp 768w, https:\/\/equiparc.com\/wp-content\/uploads\/2022\/04\/CollegeAhuntsic-7x-1536x1024.webp 1536w, https:\/\/equiparc.com\/wp-content\/uploads\/2022\/04\/CollegeAhuntsic-7x-2048x1365.webp 2048w\" sizes=\"(max-width: 1024px) 100vw, 1024px\" \/>\t\t\t\t\t\t\t\t\t\t\t\t\t\t\t<\/div>\n\t\t\t\t<\/div>\n\t\t\t\t\t<\/div>\n\t\t<\/div>\n\t\t\t\t\t<\/div>\n\t\t<\/section>\n\t\t\t\t<\/div>\n\t\t\t\t<\/article>\n\t\t\t\t<article id=\"post-15146\" class=\"elementor-post elementor-grid-item ecs-post-loop post-15146 project type-project status-publish has-post-thumbnail hentry category-sante-et-education\">\n\t\t\t\t<div data-elementor-type=\"loop\" data-elementor-id=\"13098\" class=\"elementor elementor-13098 elementor-4202 elementor-4202 post-15146 project type-project status-publish has-post-thumbnail hentry category-sante-et-education\" data-elementor-post-type=\"elementor_library\">\n\t\t\t\t\t<section class=\"elementor-section elementor-top-section elementor-element elementor-element-b924c77 elementor-section-boxed elementor-section-height-default elementor-section-height-default\" data-id=\"b924c77\" data-element_type=\"section\" data-e-type=\"section\">\n\t\t\t\t\t\t<div class=\"elementor-container elementor-column-gap-no\">\n\t\t\t\t\t<div data-wts-url=\"https:\/\/equiparc.com\/fr\/project\/mit-massachusetts-intsitute-of-technology\/\" data-wts-link=\"yes\" data-wts-new-window=\"\" class=\"elementor-column elementor-col-100 elementor-top-column elementor-element elementor-element-83e9c93 ae-link-yes\" data-id=\"83e9c93\" data-element_type=\"column\" data-e-type=\"column\">\n\t\t\t<div class=\"elementor-widget-wrap elementor-element-populated\">\n\t\t\t\t\t\t<div data-dce-advanced-background-color=\"#FFFFFF\" class=\"elementor-element elementor-element-1081ab1 elementor-widget elementor-widget-text-editor\" data-id=\"1081ab1\" data-element_type=\"widget\" data-e-type=\"widget\" data-widget_type=\"text-editor.default\">\n\t\t\t\t<div class=\"elementor-widget-container\">\n\t\t\t\t\t\t\t\t\tMIT-Massachusetts Institute of Technology\t\t\t\t\t\t\t\t<\/div>\n\t\t\t\t<\/div>\n\t\t\t\t<div class=\"elementor-element elementor-element-cc28e13 elementor-widget elementor-widget-image\" data-id=\"cc28e13\" data-element_type=\"widget\" data-e-type=\"widget\" data-widget_type=\"image.default\">\n\t\t\t\t<div class=\"elementor-widget-container\">\n\t\t\t\t\t\t\t\t\t\t\t\t\t\t\t<img loading=\"lazy\" decoding=\"async\" width=\"1024\" height=\"472\" src=\"https:\/\/equiparc.com\/wp-content\/uploads\/2023\/01\/MAIN-11-1024x472.jpg\" class=\"attachment-large size-large wp-image-14426\" alt=\"\" srcset=\"https:\/\/equiparc.com\/wp-content\/uploads\/2023\/01\/MAIN-11-1024x472.jpg 1024w, https:\/\/equiparc.com\/wp-content\/uploads\/2023\/01\/MAIN-11-300x138.jpg 300w, https:\/\/equiparc.com\/wp-content\/uploads\/2023\/01\/MAIN-11-768x354.jpg 768w, https:\/\/equiparc.com\/wp-content\/uploads\/2023\/01\/MAIN-11.jpg 1198w\" sizes=\"(max-width: 1024px) 100vw, 1024px\" \/>\t\t\t\t\t\t\t\t\t\t\t\t\t\t\t<\/div>\n\t\t\t\t<\/div>\n\t\t\t\t\t<\/div>\n\t\t<\/div>\n\t\t\t\t\t<\/div>\n\t\t<\/section>\n\t\t\t\t<\/div>\n\t\t\t\t<\/article>\n\t\t\t\t<\/div>\n\t\t\t\t\t\t<\/div>\n\t\t\t\t<\/div>\n\t\t\t\t\t<\/div>\n\t\t<\/div>\n\t\t\t\t\t<\/div>\n\t\t<\/section>\n\t\t\t\t<\/div>\n\t\t","protected":false},"excerpt":{"rendered":"<p>Sant\u00e9 et \u00e9ducation Lorem ipsum dolor sit amet, consectetur adipiscing elit. Ut elit tellus, luctus nec ullamcorper mattis, pulvinar dapibus leo.<\/p>\n","protected":false},"author":7,"featured_media":0,"parent":13100,"menu_order":3,"comment_status":"closed","ping_status":"closed","template":"","meta":{"_acf_changed":false,"inline_featured_image":false,"footnotes":""},"class_list":["post-13109","page","type-page","status-publish","hentry"],"acf":[],"yoast_head":"<!-- This site is optimized with the Yoast SEO plugin v27.3 - https:\/\/yoast.com\/product\/yoast-seo-wordpress\/ -->\n<title>Nos r\u00e9alisations : Sant\u00e9 &amp; \u00e9ducations | Equiparc<\/title>\n<meta name=\"robots\" content=\"index, follow, max-snippet:-1, max-image-preview:large, max-video-preview:-1\" \/>\n<link rel=\"canonical\" href=\"https:\/\/equiparc.com\/fr\/realisations-equiparc\/sante-et-education-equiparc\/\" \/>\n<meta property=\"og:locale\" content=\"fr_CA\" \/>\n<meta property=\"og:type\" content=\"article\" \/>\n<meta property=\"og:title\" content=\"Nos r\u00e9alisations : Sant\u00e9 &amp; \u00e9ducations | Equiparc\" \/>\n<meta property=\"og:description\" content=\"Sant\u00e9 et \u00e9ducation Lorem ipsum dolor sit amet, consectetur adipiscing elit. Ut elit tellus, luctus nec ullamcorper mattis, pulvinar dapibus leo.\" \/>\n<meta property=\"og:url\" content=\"https:\/\/equiparc.com\/fr\/realisations-equiparc\/sante-et-education-equiparc\/\" \/>\n<meta property=\"og:site_name\" content=\"Equiparc\" \/>\n<meta property=\"article:publisher\" content=\"https:\/\/www.facebook.com\/Equiparcmobilierurbain\" \/>\n<meta property=\"article:modified_time\" content=\"2024-07-19T14:44:57+00:00\" \/>\n<meta property=\"og:image\" content=\"https:\/\/equiparc.com\/wp-content\/uploads\/2023\/07\/64_8528_29_30-scaled.webp\" \/>\n\t<meta property=\"og:image:width\" content=\"2560\" \/>\n\t<meta property=\"og:image:height\" content=\"1999\" \/>\n\t<meta property=\"og:image:type\" content=\"image\/webp\" \/>\n<meta name=\"twitter:card\" content=\"summary_large_image\" \/>\n<meta name=\"twitter:site\" content=\"@equiparc\" \/>\n<meta name=\"twitter:label1\" content=\"Estimation du temps de lecture\" \/>\n\t<meta name=\"twitter:data1\" content=\"2 minutes\" \/>\n<script type=\"application\/ld+json\" class=\"yoast-schema-graph\">{\"@context\":\"https:\\\/\\\/schema.org\",\"@graph\":[{\"@type\":\"WebPage\",\"@id\":\"https:\\\/\\\/equiparc.com\\\/fr\\\/realisations-equiparc\\\/sante-et-education-equiparc\\\/\",\"url\":\"https:\\\/\\\/equiparc.com\\\/fr\\\/realisations-equiparc\\\/sante-et-education-equiparc\\\/\",\"name\":\"Nos r\u00e9alisations : Sant\u00e9 & \u00e9ducations | Equiparc\",\"isPartOf\":{\"@id\":\"https:\\\/\\\/equiparc.com\\\/fr\\\/#website\"},\"datePublished\":\"2022-04-20T14:38:35+00:00\",\"dateModified\":\"2024-07-19T14:44:57+00:00\",\"breadcrumb\":{\"@id\":\"https:\\\/\\\/equiparc.com\\\/fr\\\/realisations-equiparc\\\/sante-et-education-equiparc\\\/#breadcrumb\"},\"inLanguage\":\"fr-CA\",\"potentialAction\":[{\"@type\":\"ReadAction\",\"target\":[\"https:\\\/\\\/equiparc.com\\\/fr\\\/realisations-equiparc\\\/sante-et-education-equiparc\\\/\"]}]},{\"@type\":\"BreadcrumbList\",\"@id\":\"https:\\\/\\\/equiparc.com\\\/fr\\\/realisations-equiparc\\\/sante-et-education-equiparc\\\/#breadcrumb\",\"itemListElement\":[{\"@type\":\"ListItem\",\"position\":1,\"name\":\"Home\",\"item\":\"https:\\\/\\\/equiparc.com\\\/fr\\\/\"},{\"@type\":\"ListItem\",\"position\":2,\"name\":\"R\u00e9alisations | Equiparc\",\"item\":\"https:\\\/\\\/www.staging.equiparc.com\\\/fr\\\/realisations-equiparc\\\/\"},{\"@type\":\"ListItem\",\"position\":3,\"name\":\"Sant\u00e9 et \u00e9ducation | Equiparc\"}]},{\"@type\":\"WebSite\",\"@id\":\"https:\\\/\\\/equiparc.com\\\/fr\\\/#website\",\"url\":\"https:\\\/\\\/equiparc.com\\\/fr\\\/\",\"name\":\"Equiparc\",\"description\":\"\",\"publisher\":{\"@id\":\"https:\\\/\\\/equiparc.com\\\/fr\\\/#organization\"},\"potentialAction\":[{\"@type\":\"SearchAction\",\"target\":{\"@type\":\"EntryPoint\",\"urlTemplate\":\"https:\\\/\\\/equiparc.com\\\/fr\\\/?s={search_term_string}\"},\"query-input\":{\"@type\":\"PropertyValueSpecification\",\"valueRequired\":true,\"valueName\":\"search_term_string\"}}],\"inLanguage\":\"fr-CA\"},{\"@type\":\"Organization\",\"@id\":\"https:\\\/\\\/equiparc.com\\\/fr\\\/#organization\",\"name\":\"Equiparc\",\"url\":\"https:\\\/\\\/equiparc.com\\\/fr\\\/\",\"logo\":{\"@type\":\"ImageObject\",\"inLanguage\":\"fr-CA\",\"@id\":\"https:\\\/\\\/equiparc.com\\\/fr\\\/#\\\/schema\\\/logo\\\/image\\\/\",\"url\":\"https:\\\/\\\/equiparc.com\\\/wp-content\\\/uploads\\\/2023\\\/07\\\/equiparc-smo.png\",\"contentUrl\":\"https:\\\/\\\/equiparc.com\\\/wp-content\\\/uploads\\\/2023\\\/07\\\/equiparc-smo.png\",\"width\":576,\"height\":579,\"caption\":\"Equiparc\"},\"image\":{\"@id\":\"https:\\\/\\\/equiparc.com\\\/fr\\\/#\\\/schema\\\/logo\\\/image\\\/\"},\"sameAs\":[\"https:\\\/\\\/www.facebook.com\\\/Equiparcmobilierurbain\",\"https:\\\/\\\/x.com\\\/equiparc\"]}]}<\/script>\n<!-- \/ Yoast SEO plugin. -->","yoast_head_json":{"title":"Nos r\u00e9alisations : Sant\u00e9 & \u00e9ducations | Equiparc","robots":{"index":"index","follow":"follow","max-snippet":"max-snippet:-1","max-image-preview":"max-image-preview:large","max-video-preview":"max-video-preview:-1"},"canonical":"https:\/\/equiparc.com\/fr\/realisations-equiparc\/sante-et-education-equiparc\/","og_locale":"fr_CA","og_type":"article","og_title":"Nos r\u00e9alisations : Sant\u00e9 & \u00e9ducations | Equiparc","og_description":"Sant\u00e9 et \u00e9ducation Lorem ipsum dolor sit amet, consectetur adipiscing elit. Ut elit tellus, luctus nec ullamcorper mattis, pulvinar dapibus leo.","og_url":"https:\/\/equiparc.com\/fr\/realisations-equiparc\/sante-et-education-equiparc\/","og_site_name":"Equiparc","article_publisher":"https:\/\/www.facebook.com\/Equiparcmobilierurbain","article_modified_time":"2024-07-19T14:44:57+00:00","og_image":[{"width":2560,"height":1999,"url":"https:\/\/equiparc.com\/wp-content\/uploads\/2023\/07\/64_8528_29_30-scaled.webp","type":"image\/webp"}],"twitter_card":"summary_large_image","twitter_site":"@equiparc","twitter_misc":{"Estimation du temps de lecture":"2 minutes"},"schema":{"@context":"https:\/\/schema.org","@graph":[{"@type":"WebPage","@id":"https:\/\/equiparc.com\/fr\/realisations-equiparc\/sante-et-education-equiparc\/","url":"https:\/\/equiparc.com\/fr\/realisations-equiparc\/sante-et-education-equiparc\/","name":"Nos r\u00e9alisations : Sant\u00e9 & \u00e9ducations | Equiparc","isPartOf":{"@id":"https:\/\/equiparc.com\/fr\/#website"},"datePublished":"2022-04-20T14:38:35+00:00","dateModified":"2024-07-19T14:44:57+00:00","breadcrumb":{"@id":"https:\/\/equiparc.com\/fr\/realisations-equiparc\/sante-et-education-equiparc\/#breadcrumb"},"inLanguage":"fr-CA","potentialAction":[{"@type":"ReadAction","target":["https:\/\/equiparc.com\/fr\/realisations-equiparc\/sante-et-education-equiparc\/"]}]},{"@type":"BreadcrumbList","@id":"https:\/\/equiparc.com\/fr\/realisations-equiparc\/sante-et-education-equiparc\/#breadcrumb","itemListElement":[{"@type":"ListItem","position":1,"name":"Home","item":"https:\/\/equiparc.com\/fr\/"},{"@type":"ListItem","position":2,"name":"R\u00e9alisations | Equiparc","item":"https:\/\/www.staging.equiparc.com\/fr\/realisations-equiparc\/"},{"@type":"ListItem","position":3,"name":"Sant\u00e9 et \u00e9ducation | Equiparc"}]},{"@type":"WebSite","@id":"https:\/\/equiparc.com\/fr\/#website","url":"https:\/\/equiparc.com\/fr\/","name":"Equiparc","description":"","publisher":{"@id":"https:\/\/equiparc.com\/fr\/#organization"},"potentialAction":[{"@type":"SearchAction","target":{"@type":"EntryPoint","urlTemplate":"https:\/\/equiparc.com\/fr\/?s={search_term_string}"},"query-input":{"@type":"PropertyValueSpecification","valueRequired":true,"valueName":"search_term_string"}}],"inLanguage":"fr-CA"},{"@type":"Organization","@id":"https:\/\/equiparc.com\/fr\/#organization","name":"Equiparc","url":"https:\/\/equiparc.com\/fr\/","logo":{"@type":"ImageObject","inLanguage":"fr-CA","@id":"https:\/\/equiparc.com\/fr\/#\/schema\/logo\/image\/","url":"https:\/\/equiparc.com\/wp-content\/uploads\/2023\/07\/equiparc-smo.png","contentUrl":"https:\/\/equiparc.com\/wp-content\/uploads\/2023\/07\/equiparc-smo.png","width":576,"height":579,"caption":"Equiparc"},"image":{"@id":"https:\/\/equiparc.com\/fr\/#\/schema\/logo\/image\/"},"sameAs":["https:\/\/www.facebook.com\/Equiparcmobilierurbain","https:\/\/x.com\/equiparc"]}]}},"_links":{"self":[{"href":"https:\/\/equiparc.com\/fr\/wp-json\/wp\/v2\/pages\/13109","targetHints":{"allow":["GET"]}}],"collection":[{"href":"https:\/\/equiparc.com\/fr\/wp-json\/wp\/v2\/pages"}],"about":[{"href":"https:\/\/equiparc.com\/fr\/wp-json\/wp\/v2\/types\/page"}],"author":[{"embeddable":true,"href":"https:\/\/equiparc.com\/fr\/wp-json\/wp\/v2\/users\/7"}],"replies":[{"embeddable":true,"href":"https:\/\/equiparc.com\/fr\/wp-json\/wp\/v2\/comments?post=13109"}],"version-history":[{"count":3,"href":"https:\/\/equiparc.com\/fr\/wp-json\/wp\/v2\/pages\/13109\/revisions"}],"predecessor-version":[{"id":19191,"href":"https:\/\/equiparc.com\/fr\/wp-json\/wp\/v2\/pages\/13109\/revisions\/19191"}],"up":[{"embeddable":true,"href":"https:\/\/equiparc.com\/fr\/wp-json\/wp\/v2\/pages\/13100"}],"wp:attachment":[{"href":"https:\/\/equiparc.com\/fr\/wp-json\/wp\/v2\/media?parent=13109"}],"curies":[{"name":"wp","href":"https:\/\/api.w.org\/{rel}","templated":true}]}}