{"id":12991,"date":"2022-04-20T12:30:34","date_gmt":"2022-04-20T16:30:34","guid":{"rendered":"https:\/\/www.staging.equiparc.com\/litterature-equiparc\/blog-equiparc\/"},"modified":"2023-07-10T15:26:36","modified_gmt":"2023-07-10T19:26:36","slug":"blogue-equiparc","status":"publish","type":"page","link":"https:\/\/equiparc.com\/fr\/litterature-equiparc\/blogue-equiparc\/","title":{"rendered":"Blogue | Equiparc"},"content":{"rendered":"<h2>Blogue<\/h2>\n","protected":false},"excerpt":{"rendered":"<p>Blogue<\/p>\n","protected":false},"author":7,"featured_media":0,"parent":12895,"menu_order":3,"comment_status":"closed","ping_status":"closed","template":"","meta":{"_acf_changed":false,"inline_featured_image":false,"footnotes":""},"class_list":["post-12991","page","type-page","status-publish","hentry"],"acf":[],"yoast_head":"<!-- This site is optimized with the Yoast SEO plugin v27.3 - https:\/\/yoast.com\/product\/yoast-seo-wordpress\/ -->\n<title>Blogue : Nouvelles &amp; \u00c9v\u00e9nements | Equiparc<\/title>\n<meta name=\"description\" content=\"Visitez-nous pour d\u00e9couvrir notre blogue. Vous allez en apprendre sur nous, notre industrie et nos sur nos futurs \u00e9v\u00e9nements.\" \/>\n<meta name=\"robots\" content=\"index, follow, max-snippet:-1, max-image-preview:large, max-video-preview:-1\" \/>\n<link rel=\"canonical\" href=\"https:\/\/equiparc.com\/fr\/litterature-equiparc\/blogue-equiparc\/\" \/>\n<meta property=\"og:locale\" content=\"fr_CA\" \/>\n<meta property=\"og:type\" content=\"article\" \/>\n<meta property=\"og:title\" content=\"Blogue : Nouvelles &amp; \u00c9v\u00e9nements | Equiparc\" \/>\n<meta property=\"og:description\" content=\"Visitez-nous pour d\u00e9couvrir notre blogue. Vous allez en apprendre sur nous, notre industrie et nos sur nos futurs \u00e9v\u00e9nements.\" \/>\n<meta property=\"og:url\" content=\"https:\/\/equiparc.com\/fr\/litterature-equiparc\/blogue-equiparc\/\" \/>\n<meta property=\"og:site_name\" content=\"Equiparc\" \/>\n<meta property=\"article:publisher\" content=\"https:\/\/www.facebook.com\/Equiparcmobilierurbain\" \/>\n<meta property=\"article:modified_time\" content=\"2023-07-10T19:26:36+00:00\" \/>\n<meta property=\"og:image\" content=\"https:\/\/equiparc.com\/wp-content\/uploads\/2023\/07\/64_8528_29_30-scaled.webp\" \/>\n\t<meta property=\"og:image:width\" content=\"2560\" \/>\n\t<meta property=\"og:image:height\" content=\"1999\" \/>\n\t<meta property=\"og:image:type\" content=\"image\/webp\" \/>\n<meta name=\"twitter:card\" content=\"summary_large_image\" \/>\n<meta name=\"twitter:site\" content=\"@equiparc\" \/>\n<meta name=\"twitter:label1\" content=\"Estimation du temps de lecture\" \/>\n\t<meta name=\"twitter:data1\" content=\"1 minute\" \/>\n<script type=\"application\/ld+json\" class=\"yoast-schema-graph\">{\"@context\":\"https:\\\/\\\/schema.org\",\"@graph\":[{\"@type\":\"WebPage\",\"@id\":\"https:\\\/\\\/equiparc.com\\\/fr\\\/litterature-equiparc\\\/blogue-equiparc\\\/\",\"url\":\"https:\\\/\\\/equiparc.com\\\/fr\\\/litterature-equiparc\\\/blogue-equiparc\\\/\",\"name\":\"Blogue : Nouvelles & \u00c9v\u00e9nements | Equiparc\",\"isPartOf\":{\"@id\":\"https:\\\/\\\/equiparc.com\\\/fr\\\/#website\"},\"datePublished\":\"2022-04-20T16:30:34+00:00\",\"dateModified\":\"2023-07-10T19:26:36+00:00\",\"description\":\"Visitez-nous pour d\u00e9couvrir notre blogue. Vous allez en apprendre sur nous, notre industrie et nos sur nos futurs \u00e9v\u00e9nements.\",\"breadcrumb\":{\"@id\":\"https:\\\/\\\/equiparc.com\\\/fr\\\/litterature-equiparc\\\/blogue-equiparc\\\/#breadcrumb\"},\"inLanguage\":\"fr-CA\",\"potentialAction\":[{\"@type\":\"ReadAction\",\"target\":[\"https:\\\/\\\/equiparc.com\\\/fr\\\/litterature-equiparc\\\/blogue-equiparc\\\/\"]}]},{\"@type\":\"BreadcrumbList\",\"@id\":\"https:\\\/\\\/equiparc.com\\\/fr\\\/litterature-equiparc\\\/blogue-equiparc\\\/#breadcrumb\",\"itemListElement\":[{\"@type\":\"ListItem\",\"position\":1,\"name\":\"Home\",\"item\":\"https:\\\/\\\/equiparc.com\\\/fr\\\/\"},{\"@type\":\"ListItem\",\"position\":2,\"name\":\"Litt\u00e9rature | Equiparc\",\"item\":\"https:\\\/\\\/www.staging.equiparc.com\\\/fr\\\/litterature-equiparc\\\/\"},{\"@type\":\"ListItem\",\"position\":3,\"name\":\"Blogue | Equiparc\"}]},{\"@type\":\"WebSite\",\"@id\":\"https:\\\/\\\/equiparc.com\\\/fr\\\/#website\",\"url\":\"https:\\\/\\\/equiparc.com\\\/fr\\\/\",\"name\":\"Equiparc\",\"description\":\"\",\"publisher\":{\"@id\":\"https:\\\/\\\/equiparc.com\\\/fr\\\/#organization\"},\"potentialAction\":[{\"@type\":\"SearchAction\",\"target\":{\"@type\":\"EntryPoint\",\"urlTemplate\":\"https:\\\/\\\/equiparc.com\\\/fr\\\/?s={search_term_string}\"},\"query-input\":{\"@type\":\"PropertyValueSpecification\",\"valueRequired\":true,\"valueName\":\"search_term_string\"}}],\"inLanguage\":\"fr-CA\"},{\"@type\":\"Organization\",\"@id\":\"https:\\\/\\\/equiparc.com\\\/fr\\\/#organization\",\"name\":\"Equiparc\",\"url\":\"https:\\\/\\\/equiparc.com\\\/fr\\\/\",\"logo\":{\"@type\":\"ImageObject\",\"inLanguage\":\"fr-CA\",\"@id\":\"https:\\\/\\\/equiparc.com\\\/fr\\\/#\\\/schema\\\/logo\\\/image\\\/\",\"url\":\"https:\\\/\\\/equiparc.com\\\/wp-content\\\/uploads\\\/2023\\\/07\\\/equiparc-smo.png\",\"contentUrl\":\"https:\\\/\\\/equiparc.com\\\/wp-content\\\/uploads\\\/2023\\\/07\\\/equiparc-smo.png\",\"width\":576,\"height\":579,\"caption\":\"Equiparc\"},\"image\":{\"@id\":\"https:\\\/\\\/equiparc.com\\\/fr\\\/#\\\/schema\\\/logo\\\/image\\\/\"},\"sameAs\":[\"https:\\\/\\\/www.facebook.com\\\/Equiparcmobilierurbain\",\"https:\\\/\\\/x.com\\\/equiparc\"]}]}<\/script>\n<!-- \/ Yoast SEO plugin. -->","yoast_head_json":{"title":"Blogue : Nouvelles & \u00c9v\u00e9nements | Equiparc","description":"Visitez-nous pour d\u00e9couvrir notre blogue. Vous allez en apprendre sur nous, notre industrie et nos sur nos futurs \u00e9v\u00e9nements.","robots":{"index":"index","follow":"follow","max-snippet":"max-snippet:-1","max-image-preview":"max-image-preview:large","max-video-preview":"max-video-preview:-1"},"canonical":"https:\/\/equiparc.com\/fr\/litterature-equiparc\/blogue-equiparc\/","og_locale":"fr_CA","og_type":"article","og_title":"Blogue : Nouvelles & \u00c9v\u00e9nements | Equiparc","og_description":"Visitez-nous pour d\u00e9couvrir notre blogue. Vous allez en apprendre sur nous, notre industrie et nos sur nos futurs \u00e9v\u00e9nements.","og_url":"https:\/\/equiparc.com\/fr\/litterature-equiparc\/blogue-equiparc\/","og_site_name":"Equiparc","article_publisher":"https:\/\/www.facebook.com\/Equiparcmobilierurbain","article_modified_time":"2023-07-10T19:26:36+00:00","og_image":[{"width":2560,"height":1999,"url":"https:\/\/equiparc.com\/wp-content\/uploads\/2023\/07\/64_8528_29_30-scaled.webp","type":"image\/webp"}],"twitter_card":"summary_large_image","twitter_site":"@equiparc","twitter_misc":{"Estimation du temps de lecture":"1 minute"},"schema":{"@context":"https:\/\/schema.org","@graph":[{"@type":"WebPage","@id":"https:\/\/equiparc.com\/fr\/litterature-equiparc\/blogue-equiparc\/","url":"https:\/\/equiparc.com\/fr\/litterature-equiparc\/blogue-equiparc\/","name":"Blogue : Nouvelles & \u00c9v\u00e9nements | Equiparc","isPartOf":{"@id":"https:\/\/equiparc.com\/fr\/#website"},"datePublished":"2022-04-20T16:30:34+00:00","dateModified":"2023-07-10T19:26:36+00:00","description":"Visitez-nous pour d\u00e9couvrir notre blogue. Vous allez en apprendre sur nous, notre industrie et nos sur nos futurs \u00e9v\u00e9nements.","breadcrumb":{"@id":"https:\/\/equiparc.com\/fr\/litterature-equiparc\/blogue-equiparc\/#breadcrumb"},"inLanguage":"fr-CA","potentialAction":[{"@type":"ReadAction","target":["https:\/\/equiparc.com\/fr\/litterature-equiparc\/blogue-equiparc\/"]}]},{"@type":"BreadcrumbList","@id":"https:\/\/equiparc.com\/fr\/litterature-equiparc\/blogue-equiparc\/#breadcrumb","itemListElement":[{"@type":"ListItem","position":1,"name":"Home","item":"https:\/\/equiparc.com\/fr\/"},{"@type":"ListItem","position":2,"name":"Litt\u00e9rature | Equiparc","item":"https:\/\/www.staging.equiparc.com\/fr\/litterature-equiparc\/"},{"@type":"ListItem","position":3,"name":"Blogue | Equiparc"}]},{"@type":"WebSite","@id":"https:\/\/equiparc.com\/fr\/#website","url":"https:\/\/equiparc.com\/fr\/","name":"Equiparc","description":"","publisher":{"@id":"https:\/\/equiparc.com\/fr\/#organization"},"potentialAction":[{"@type":"SearchAction","target":{"@type":"EntryPoint","urlTemplate":"https:\/\/equiparc.com\/fr\/?s={search_term_string}"},"query-input":{"@type":"PropertyValueSpecification","valueRequired":true,"valueName":"search_term_string"}}],"inLanguage":"fr-CA"},{"@type":"Organization","@id":"https:\/\/equiparc.com\/fr\/#organization","name":"Equiparc","url":"https:\/\/equiparc.com\/fr\/","logo":{"@type":"ImageObject","inLanguage":"fr-CA","@id":"https:\/\/equiparc.com\/fr\/#\/schema\/logo\/image\/","url":"https:\/\/equiparc.com\/wp-content\/uploads\/2023\/07\/equiparc-smo.png","contentUrl":"https:\/\/equiparc.com\/wp-content\/uploads\/2023\/07\/equiparc-smo.png","width":576,"height":579,"caption":"Equiparc"},"image":{"@id":"https:\/\/equiparc.com\/fr\/#\/schema\/logo\/image\/"},"sameAs":["https:\/\/www.facebook.com\/Equiparcmobilierurbain","https:\/\/x.com\/equiparc"]}]}},"_links":{"self":[{"href":"https:\/\/equiparc.com\/fr\/wp-json\/wp\/v2\/pages\/12991","targetHints":{"allow":["GET"]}}],"collection":[{"href":"https:\/\/equiparc.com\/fr\/wp-json\/wp\/v2\/pages"}],"about":[{"href":"https:\/\/equiparc.com\/fr\/wp-json\/wp\/v2\/types\/page"}],"author":[{"embeddable":true,"href":"https:\/\/equiparc.com\/fr\/wp-json\/wp\/v2\/users\/7"}],"replies":[{"embeddable":true,"href":"https:\/\/equiparc.com\/fr\/wp-json\/wp\/v2\/comments?post=12991"}],"version-history":[{"count":0,"href":"https:\/\/equiparc.com\/fr\/wp-json\/wp\/v2\/pages\/12991\/revisions"}],"up":[{"embeddable":true,"href":"https:\/\/equiparc.com\/fr\/wp-json\/wp\/v2\/pages\/12895"}],"wp:attachment":[{"href":"https:\/\/equiparc.com\/fr\/wp-json\/wp\/v2\/media?parent=12991"}],"curies":[{"name":"wp","href":"https:\/\/api.w.org\/{rel}","templated":true}]}}