{"id":12862,"date":"2022-04-20T10:39:35","date_gmt":"2022-04-20T14:39:35","guid":{"rendered":"https:\/\/www.staging.equiparc.com\/a-propos-equiparc\/who-are-we\/"},"modified":"2023-05-31T11:27:14","modified_gmt":"2023-05-31T15:27:14","slug":"qui-sommes-nous","status":"publish","type":"page","link":"https:\/\/equiparc.com\/fr\/a-propos-equiparc\/qui-sommes-nous\/","title":{"rendered":"Qui sommes nous ? | Equiparc"},"content":{"rendered":"\t\t<div data-elementor-type=\"wp-page\" data-elementor-id=\"12862\" class=\"elementor elementor-12862 elementor-3760\" data-elementor-post-type=\"page\">\n\t\t\t\t\t\t<section class=\"elementor-section elementor-top-section elementor-element elementor-element-ed4f1d6 elementor-section-full_width elementor-section-height-default elementor-section-height-default\" data-id=\"ed4f1d6\" data-element_type=\"section\" data-e-type=\"section\">\n\t\t\t\t\t\t<div class=\"elementor-container elementor-column-gap-no\">\n\t\t\t\t\t<div class=\"elementor-column elementor-col-100 elementor-top-column elementor-element elementor-element-7a69d27\" data-id=\"7a69d27\" data-element_type=\"column\" data-e-type=\"column\">\n\t\t\t<div class=\"elementor-widget-wrap elementor-element-populated\">\n\t\t\t\t\t\t<div data-dce-title-color=\"#FFFFFF\" data-dce-advanced-background-color=\"#707070\" class=\"elementor-element elementor-element-07f02f2 elementor-widget elementor-widget-heading\" data-id=\"07f02f2\" data-element_type=\"widget\" data-e-type=\"widget\" data-widget_type=\"heading.default\">\n\t\t\t\t<div class=\"elementor-widget-container\">\n\t\t\t\t\t<h2 class=\"elementor-heading-title elementor-size-default\">Qui sommes nous ?<\/h2>\t\t\t\t<\/div>\n\t\t\t\t<\/div>\n\t\t\t\t\t<\/div>\n\t\t<\/div>\n\t\t\t\t\t<\/div>\n\t\t<\/section>\n\t\t\t\t<section data-dce-background-image-url=\"https:\/\/equiparc.com\/wp-content\/uploads\/2022\/04\/who-we-are-hero.png\" class=\"elementor-section elementor-top-section elementor-element elementor-element-9de8a60 elementor-section-full_width elementor-section-height-default elementor-section-height-default\" data-id=\"9de8a60\" data-element_type=\"section\" data-e-type=\"section\" data-settings=\"{&quot;background_background&quot;:&quot;classic&quot;}\">\n\t\t\t\t\t\t<div class=\"elementor-container elementor-column-gap-no\">\n\t\t\t\t\t<div class=\"elementor-column elementor-col-33 elementor-top-column elementor-element elementor-element-05fe0c6\" data-id=\"05fe0c6\" data-element_type=\"column\" data-e-type=\"column\">\n\t\t\t<div class=\"elementor-widget-wrap elementor-element-populated\">\n\t\t\t\t\t\t<div data-dce-title-color=\"#FFFFFF\" class=\"elementor-element elementor-element-a964f2f elementor-widget elementor-widget-heading\" data-id=\"a964f2f\" data-element_type=\"widget\" data-e-type=\"widget\" data-widget_type=\"heading.default\">\n\t\t\t\t<div class=\"elementor-widget-container\">\n\t\t\t\t\t<h3 class=\"elementor-heading-title elementor-size-default\">DESIGN<\/h3>\t\t\t\t<\/div>\n\t\t\t\t<\/div>\n\t\t\t\t<div class=\"elementor-element elementor-element-76ec13f elementor-widget elementor-widget-image\" data-id=\"76ec13f\" data-element_type=\"widget\" data-e-type=\"widget\" data-widget_type=\"image.default\">\n\t\t\t\t<div class=\"elementor-widget-container\">\n\t\t\t\t\t\t\t\t\t\t\t\t\t\t\t\t<a href=\"#elementor-action%3Aaction%3Dpopup%3Aopen%26settings%3DeyJpZCI6NDMwMiwidG9nZ2xlIjpmYWxzZX0%3D\">\n\t\t\t\t\t\t\t<img fetchpriority=\"high\" decoding=\"async\" width=\"517\" height=\"286\" src=\"https:\/\/equiparc.com\/wp-content\/uploads\/2022\/04\/design-popup-button.png\" class=\"attachment-large size-large wp-image-4326\" alt=\"\" \/>\t\t\t\t\t\t\t\t<\/a>\n\t\t\t\t\t\t\t\t\t\t\t\t\t\t\t<\/div>\n\t\t\t\t<\/div>\n\t\t\t\t\t<\/div>\n\t\t<\/div>\n\t\t\t\t<div class=\"elementor-column elementor-col-33 elementor-top-column elementor-element elementor-element-4aba19a\" data-id=\"4aba19a\" data-element_type=\"column\" data-e-type=\"column\">\n\t\t\t<div class=\"elementor-widget-wrap elementor-element-populated\">\n\t\t\t\t\t\t<div data-dce-title-color=\"#FFFFFF\" class=\"elementor-element elementor-element-0e79790 elementor-widget elementor-widget-heading\" data-id=\"0e79790\" data-element_type=\"widget\" data-e-type=\"widget\" data-widget_type=\"heading.default\">\n\t\t\t\t<div class=\"elementor-widget-container\">\n\t\t\t\t\t<h3 class=\"elementor-heading-title elementor-size-default\">DURABILIT\u00c9<\/h3>\t\t\t\t<\/div>\n\t\t\t\t<\/div>\n\t\t\t\t<div class=\"elementor-element elementor-element-d5d916e elementor-widget elementor-widget-image\" data-id=\"d5d916e\" data-element_type=\"widget\" data-e-type=\"widget\" data-widget_type=\"image.default\">\n\t\t\t\t<div class=\"elementor-widget-container\">\n\t\t\t\t\t\t\t\t\t\t\t\t\t\t\t\t<a href=\"#elementor-action%3Aaction%3Dpopup%3Aopen%26settings%3DeyJpZCI6NDM3OSwidG9nZ2xlIjpmYWxzZX0%3D\">\n\t\t\t\t\t\t\t<img decoding=\"async\" width=\"517\" height=\"286\" src=\"https:\/\/equiparc.com\/wp-content\/uploads\/2022\/04\/durability-popup-button_V2.png\" class=\"attachment-large size-large wp-image-4353\" alt=\"\" \/>\t\t\t\t\t\t\t\t<\/a>\n\t\t\t\t\t\t\t\t\t\t\t\t\t\t\t<\/div>\n\t\t\t\t<\/div>\n\t\t\t\t\t<\/div>\n\t\t<\/div>\n\t\t\t\t<div class=\"elementor-column elementor-col-33 elementor-top-column elementor-element elementor-element-e23bb55\" data-id=\"e23bb55\" data-element_type=\"column\" data-e-type=\"column\">\n\t\t\t<div class=\"elementor-widget-wrap elementor-element-populated\">\n\t\t\t\t\t\t<div data-dce-title-color=\"#FFFFFF\" class=\"elementor-element elementor-element-cbb84ad elementor-widget elementor-widget-heading\" data-id=\"cbb84ad\" data-element_type=\"widget\" data-e-type=\"widget\" data-widget_type=\"heading.default\">\n\t\t\t\t<div class=\"elementor-widget-container\">\n\t\t\t\t\t<h3 class=\"elementor-heading-title elementor-size-default\">EXPERTISE<\/h3>\t\t\t\t<\/div>\n\t\t\t\t<\/div>\n\t\t\t\t<div class=\"elementor-element elementor-element-035b961 elementor-widget elementor-widget-image\" data-id=\"035b961\" data-element_type=\"widget\" data-e-type=\"widget\" data-widget_type=\"image.default\">\n\t\t\t\t<div class=\"elementor-widget-container\">\n\t\t\t\t\t\t\t\t\t\t\t\t\t\t\t\t<a href=\"#elementor-action%3Aaction%3Dpopup%3Aopen%26settings%3DeyJpZCI6NDM4OSwidG9nZ2xlIjpmYWxzZX0%3D\">\n\t\t\t\t\t\t\t<img decoding=\"async\" width=\"517\" height=\"286\" src=\"https:\/\/equiparc.com\/wp-content\/uploads\/2022\/04\/expertise-popup-button.png\" class=\"attachment-large size-large wp-image-4328\" alt=\"\" \/>\t\t\t\t\t\t\t\t<\/a>\n\t\t\t\t\t\t\t\t\t\t\t\t\t\t\t<\/div>\n\t\t\t\t<\/div>\n\t\t\t\t\t<\/div>\n\t\t<\/div>\n\t\t\t\t\t<\/div>\n\t\t<\/section>\n\t\t\t\t<section class=\"elementor-section elementor-top-section elementor-element elementor-element-5703eef elementor-section-full_width elementor-section-height-default elementor-section-height-default\" data-id=\"5703eef\" data-element_type=\"section\" data-e-type=\"section\">\n\t\t\t\t\t\t<div class=\"elementor-container elementor-column-gap-no\">\n\t\t\t\t\t<div class=\"elementor-column elementor-col-50 elementor-top-column elementor-element elementor-element-7d13070\" data-id=\"7d13070\" data-element_type=\"column\" data-e-type=\"column\">\n\t\t\t<div class=\"elementor-widget-wrap elementor-element-populated\">\n\t\t\t\t\t\t<div class=\"elementor-element elementor-element-715e42d elementor-widget elementor-widget-image\" data-id=\"715e42d\" data-element_type=\"widget\" data-e-type=\"widget\" data-widget_type=\"image.default\">\n\t\t\t\t<div class=\"elementor-widget-container\">\n\t\t\t\t\t\t\t\t\t\t\t\t\t\t\t<img loading=\"lazy\" decoding=\"async\" width=\"1024\" height=\"282\" src=\"https:\/\/equiparc.com\/wp-content\/uploads\/2022\/04\/who-are-we_image1.png\" class=\"attachment-large size-large wp-image-4418\" alt=\"\" \/>\t\t\t\t\t\t\t\t\t\t\t\t\t\t\t<\/div>\n\t\t\t\t<\/div>\n\t\t\t\t\t<\/div>\n\t\t<\/div>\n\t\t\t\t<div class=\"elementor-column elementor-col-50 elementor-top-column elementor-element elementor-element-80a3195\" data-id=\"80a3195\" data-element_type=\"column\" data-e-type=\"column\">\n\t\t\t<div class=\"elementor-widget-wrap elementor-element-populated\">\n\t\t\t\t\t\t<div class=\"elementor-element elementor-element-5708393 elementor-widget elementor-widget-text-editor\" data-id=\"5708393\" data-element_type=\"widget\" data-e-type=\"widget\" data-widget_type=\"text-editor.default\">\n\t\t\t\t<div class=\"elementor-widget-container\">\n\t\t\t\t\t\t\t\t\t<p>CR\u00c9ER UNE EXP\u00c9RIENCE&#8230;<\/p>\t\t\t\t\t\t\t\t<\/div>\n\t\t\t\t<\/div>\n\t\t\t\t\t<\/div>\n\t\t<\/div>\n\t\t\t\t\t<\/div>\n\t\t<\/section>\n\t\t\t\t<section class=\"elementor-section elementor-top-section elementor-element elementor-element-3088949 elementor-section-full_width elementor-reverse-tablet elementor-reverse-mobile elementor-section-height-default elementor-section-height-default\" data-id=\"3088949\" data-element_type=\"section\" data-e-type=\"section\">\n\t\t\t\t\t\t<div class=\"elementor-container elementor-column-gap-no\">\n\t\t\t\t\t<div class=\"elementor-column elementor-col-50 elementor-top-column elementor-element elementor-element-9046b8b\" data-id=\"9046b8b\" data-element_type=\"column\" data-e-type=\"column\">\n\t\t\t<div class=\"elementor-widget-wrap elementor-element-populated\">\n\t\t\t\t\t\t<div data-dce-text-color=\"#707070\" class=\"elementor-element elementor-element-70aba83 elementor-widget elementor-widget-text-editor\" data-id=\"70aba83\" data-element_type=\"widget\" data-e-type=\"widget\" data-widget_type=\"text-editor.default\">\n\t\t\t\t<div class=\"elementor-widget-container\">\n\t\t\t\t\t\t\t\t\t<p>Maintenant, apr\u00e8s plus de 40 ans, Equiparc continue d\u2019embellir les lieux publics en fabriquant du mobilier urbain plus qu&rsquo;utilitaire en r\u00e9unissant design, qualit\u00e9 et durabilit\u00e9. Nos bancs, tables, bacs \u00e0 fleurs, et autres \u00e9l\u00e9ments contribueront \u00e0 cr\u00e9er une exp\u00e9rience au fil des saisons.<\/p>\t\t\t\t\t\t\t\t<\/div>\n\t\t\t\t<\/div>\n\t\t\t\t<div data-dce-text-color=\"#707070\" class=\"elementor-element elementor-element-741cbeb elementor-widget elementor-widget-text-editor\" data-id=\"741cbeb\" data-element_type=\"widget\" data-e-type=\"widget\" data-widget_type=\"text-editor.default\">\n\t\t\t\t<div class=\"elementor-widget-container\">\n\t\t\t\t\t\t\t\t\t<p>Notre expertise vous permet de personnaliser nos produits pour vos projets qui ne seront jamais trop ambitieux ou modeste pour Equiparc.<\/p>\t\t\t\t\t\t\t\t<\/div>\n\t\t\t\t<\/div>\n\t\t\t\t\t<\/div>\n\t\t<\/div>\n\t\t\t\t<div class=\"elementor-column elementor-col-50 elementor-top-column elementor-element elementor-element-3790100\" data-id=\"3790100\" data-element_type=\"column\" data-e-type=\"column\">\n\t\t\t<div class=\"elementor-widget-wrap elementor-element-populated\">\n\t\t\t\t\t\t<div class=\"elementor-element elementor-element-f99c59f elementor-widget elementor-widget-image\" data-id=\"f99c59f\" data-element_type=\"widget\" data-e-type=\"widget\" data-widget_type=\"image.default\">\n\t\t\t\t<div class=\"elementor-widget-container\">\n\t\t\t\t\t\t\t\t\t\t\t\t\t\t\t<img loading=\"lazy\" decoding=\"async\" width=\"1024\" height=\"282\" src=\"https:\/\/equiparc.com\/wp-content\/uploads\/2022\/04\/who-are-we_image2.png\" class=\"attachment-large size-large wp-image-4416\" alt=\"\" \/>\t\t\t\t\t\t\t\t\t\t\t\t\t\t\t<\/div>\n\t\t\t\t<\/div>\n\t\t\t\t\t<\/div>\n\t\t<\/div>\n\t\t\t\t\t<\/div>\n\t\t<\/section>\n\t\t\t\t<section class=\"elementor-section elementor-top-section elementor-element elementor-element-e507a92 elementor-section-full_width elementor-section-height-default elementor-section-height-default\" data-id=\"e507a92\" data-element_type=\"section\" data-e-type=\"section\">\n\t\t\t\t\t\t<div class=\"elementor-container elementor-column-gap-no\">\n\t\t\t\t\t<div class=\"elementor-column elementor-col-50 elementor-top-column elementor-element elementor-element-7d037e8\" data-id=\"7d037e8\" data-element_type=\"column\" data-e-type=\"column\">\n\t\t\t<div class=\"elementor-widget-wrap elementor-element-populated\">\n\t\t\t\t\t\t<div class=\"elementor-element elementor-element-5f2a2d6 elementor-widget elementor-widget-image\" data-id=\"5f2a2d6\" data-element_type=\"widget\" data-e-type=\"widget\" data-widget_type=\"image.default\">\n\t\t\t\t<div class=\"elementor-widget-container\">\n\t\t\t\t\t\t\t\t\t\t\t\t\t\t\t<img loading=\"lazy\" decoding=\"async\" width=\"1024\" height=\"282\" src=\"https:\/\/equiparc.com\/wp-content\/uploads\/2022\/04\/who-are-we_image3.png\" class=\"attachment-large size-large wp-image-4414\" alt=\"\" \/>\t\t\t\t\t\t\t\t\t\t\t\t\t\t\t<\/div>\n\t\t\t\t<\/div>\n\t\t\t\t\t<\/div>\n\t\t<\/div>\n\t\t\t\t<div class=\"elementor-column elementor-col-50 elementor-top-column elementor-element elementor-element-c0cbfc6\" data-id=\"c0cbfc6\" data-element_type=\"column\" data-e-type=\"column\">\n\t\t\t<div class=\"elementor-widget-wrap elementor-element-populated\">\n\t\t\t\t\t\t<div data-dce-text-color=\"#707070\" class=\"elementor-element elementor-element-a80f771 elementor-widget elementor-widget-text-editor\" data-id=\"a80f771\" data-element_type=\"widget\" data-e-type=\"widget\" data-widget_type=\"text-editor.default\">\n\t\t\t\t<div class=\"elementor-widget-container\">\n\t\t\t\t\t\t\t\t\t<p>Pr\u00e9sent sur des sites d\u2019envergure tels que l\u2018Espace 67, <em>Love Park <\/em>et l\u2019\u00e9cole \u00c0 Pas de G\u00e9ant, le mobilier d&rsquo;Equiparc se d\u00e9marque et devient une r\u00e9f\u00e9rence \u00e0 l&rsquo;\u00e9chelle de l&rsquo;Am\u00e9rique du Nord.<\/p>\t\t\t\t\t\t\t\t<\/div>\n\t\t\t\t<\/div>\n\t\t\t\t\t<\/div>\n\t\t<\/div>\n\t\t\t\t\t<\/div>\n\t\t<\/section>\n\t\t\t\t<\/div>\n\t\t","protected":false},"excerpt":{"rendered":"<p>Qui sommes nous ? DESIGN DURABILIT\u00c9 EXPERTISE CR\u00c9ER UNE EXP\u00c9RIENCE&#8230; Maintenant, apr\u00e8s plus de 40 ans, Equiparc continue d\u2019embellir les lieux publics en fabriquant du mobilier urbain plus qu&rsquo;utilitaire en r\u00e9unissant design, qualit\u00e9 et durabilit\u00e9. Nos bancs, tables, bacs \u00e0 fleurs, et autres \u00e9l\u00e9ments contribueront \u00e0 cr\u00e9er une exp\u00e9rience au fil des saisons. Notre expertise [&hellip;]<\/p>\n","protected":false},"author":7,"featured_media":0,"parent":12860,"menu_order":1,"comment_status":"closed","ping_status":"closed","template":"","meta":{"_acf_changed":false,"inline_featured_image":false,"footnotes":""},"class_list":["post-12862","page","type-page","status-publish","hentry"],"acf":[],"yoast_head":"<!-- This site is optimized with the Yoast SEO plugin v27.3 - https:\/\/yoast.com\/product\/yoast-seo-wordpress\/ -->\n<title>Qui sommes-nous ? | Equiparc<\/title>\n<meta name=\"description\" content=\"Apr\u00e8s plus de 40 ans, Equiparc continue d\u2019embellir les lieux publics en fabriquant du mobilier urbain plus qu\u2019utilitaire en r\u00e9unissant design, qualit\u00e9 et durabilit\u00e9.\" \/>\n<meta name=\"robots\" content=\"index, follow, max-snippet:-1, max-image-preview:large, max-video-preview:-1\" \/>\n<link rel=\"canonical\" href=\"https:\/\/equiparc.com\/fr\/a-propos-equiparc\/qui-sommes-nous\/\" \/>\n<meta property=\"og:locale\" content=\"fr_CA\" \/>\n<meta property=\"og:type\" content=\"article\" \/>\n<meta property=\"og:title\" content=\"Qui sommes-nous ? | Equiparc\" \/>\n<meta property=\"og:description\" content=\"Apr\u00e8s plus de 40 ans, Equiparc continue d\u2019embellir les lieux publics en fabriquant du mobilier urbain plus qu\u2019utilitaire en r\u00e9unissant design, qualit\u00e9 et durabilit\u00e9.\" \/>\n<meta property=\"og:url\" content=\"https:\/\/equiparc.com\/fr\/a-propos-equiparc\/qui-sommes-nous\/\" \/>\n<meta property=\"og:site_name\" content=\"Equiparc\" \/>\n<meta property=\"article:publisher\" content=\"https:\/\/www.facebook.com\/Equiparcmobilierurbain\" \/>\n<meta property=\"article:modified_time\" content=\"2023-05-31T15:27:14+00:00\" \/>\n<meta property=\"og:image\" content=\"https:\/\/www.staging.equiparc.com\/wp-content\/uploads\/2022\/04\/design-popup-button.png\" \/>\n<meta name=\"twitter:card\" content=\"summary_large_image\" \/>\n<meta name=\"twitter:site\" content=\"@equiparc\" \/>\n<meta name=\"twitter:label1\" content=\"Estimation du temps de lecture\" \/>\n\t<meta name=\"twitter:data1\" content=\"2 minutes\" \/>\n<script type=\"application\/ld+json\" class=\"yoast-schema-graph\">{\"@context\":\"https:\\\/\\\/schema.org\",\"@graph\":[{\"@type\":\"WebPage\",\"@id\":\"https:\\\/\\\/equiparc.com\\\/fr\\\/a-propos-equiparc\\\/qui-sommes-nous\\\/\",\"url\":\"https:\\\/\\\/equiparc.com\\\/fr\\\/a-propos-equiparc\\\/qui-sommes-nous\\\/\",\"name\":\"Qui sommes-nous ? | Equiparc\",\"isPartOf\":{\"@id\":\"https:\\\/\\\/equiparc.com\\\/fr\\\/#website\"},\"primaryImageOfPage\":{\"@id\":\"https:\\\/\\\/equiparc.com\\\/fr\\\/a-propos-equiparc\\\/qui-sommes-nous\\\/#primaryimage\"},\"image\":{\"@id\":\"https:\\\/\\\/equiparc.com\\\/fr\\\/a-propos-equiparc\\\/qui-sommes-nous\\\/#primaryimage\"},\"thumbnailUrl\":\"https:\\\/\\\/www.staging.equiparc.com\\\/wp-content\\\/uploads\\\/2022\\\/04\\\/design-popup-button.png\",\"datePublished\":\"2022-04-20T14:39:35+00:00\",\"dateModified\":\"2023-05-31T15:27:14+00:00\",\"description\":\"Apr\u00e8s plus de 40 ans, Equiparc continue d\u2019embellir les lieux publics en fabriquant du mobilier urbain plus qu\u2019utilitaire en r\u00e9unissant design, qualit\u00e9 et durabilit\u00e9.\",\"breadcrumb\":{\"@id\":\"https:\\\/\\\/equiparc.com\\\/fr\\\/a-propos-equiparc\\\/qui-sommes-nous\\\/#breadcrumb\"},\"inLanguage\":\"fr-CA\",\"potentialAction\":[{\"@type\":\"ReadAction\",\"target\":[\"https:\\\/\\\/equiparc.com\\\/fr\\\/a-propos-equiparc\\\/qui-sommes-nous\\\/\"]}]},{\"@type\":\"ImageObject\",\"inLanguage\":\"fr-CA\",\"@id\":\"https:\\\/\\\/equiparc.com\\\/fr\\\/a-propos-equiparc\\\/qui-sommes-nous\\\/#primaryimage\",\"url\":\"https:\\\/\\\/www.staging.equiparc.com\\\/wp-content\\\/uploads\\\/2022\\\/04\\\/design-popup-button.png\",\"contentUrl\":\"https:\\\/\\\/www.staging.equiparc.com\\\/wp-content\\\/uploads\\\/2022\\\/04\\\/design-popup-button.png\"},{\"@type\":\"BreadcrumbList\",\"@id\":\"https:\\\/\\\/equiparc.com\\\/fr\\\/a-propos-equiparc\\\/qui-sommes-nous\\\/#breadcrumb\",\"itemListElement\":[{\"@type\":\"ListItem\",\"position\":1,\"name\":\"Home\",\"item\":\"https:\\\/\\\/equiparc.com\\\/fr\\\/\"},{\"@type\":\"ListItem\",\"position\":2,\"name\":\"\u00c0 propos | Equiparc\",\"item\":\"https:\\\/\\\/www.staging.equiparc.com\\\/fr\\\/a-propos-equiparc\\\/\"},{\"@type\":\"ListItem\",\"position\":3,\"name\":\"Qui sommes nous ? | Equiparc\"}]},{\"@type\":\"WebSite\",\"@id\":\"https:\\\/\\\/equiparc.com\\\/fr\\\/#website\",\"url\":\"https:\\\/\\\/equiparc.com\\\/fr\\\/\",\"name\":\"Equiparc\",\"description\":\"\",\"publisher\":{\"@id\":\"https:\\\/\\\/equiparc.com\\\/fr\\\/#organization\"},\"potentialAction\":[{\"@type\":\"SearchAction\",\"target\":{\"@type\":\"EntryPoint\",\"urlTemplate\":\"https:\\\/\\\/equiparc.com\\\/fr\\\/?s={search_term_string}\"},\"query-input\":{\"@type\":\"PropertyValueSpecification\",\"valueRequired\":true,\"valueName\":\"search_term_string\"}}],\"inLanguage\":\"fr-CA\"},{\"@type\":\"Organization\",\"@id\":\"https:\\\/\\\/equiparc.com\\\/fr\\\/#organization\",\"name\":\"Equiparc\",\"url\":\"https:\\\/\\\/equiparc.com\\\/fr\\\/\",\"logo\":{\"@type\":\"ImageObject\",\"inLanguage\":\"fr-CA\",\"@id\":\"https:\\\/\\\/equiparc.com\\\/fr\\\/#\\\/schema\\\/logo\\\/image\\\/\",\"url\":\"https:\\\/\\\/equiparc.com\\\/wp-content\\\/uploads\\\/2023\\\/07\\\/equiparc-smo.png\",\"contentUrl\":\"https:\\\/\\\/equiparc.com\\\/wp-content\\\/uploads\\\/2023\\\/07\\\/equiparc-smo.png\",\"width\":576,\"height\":579,\"caption\":\"Equiparc\"},\"image\":{\"@id\":\"https:\\\/\\\/equiparc.com\\\/fr\\\/#\\\/schema\\\/logo\\\/image\\\/\"},\"sameAs\":[\"https:\\\/\\\/www.facebook.com\\\/Equiparcmobilierurbain\",\"https:\\\/\\\/x.com\\\/equiparc\"]}]}<\/script>\n<!-- \/ Yoast SEO plugin. -->","yoast_head_json":{"title":"Qui sommes-nous ? | Equiparc","description":"Apr\u00e8s plus de 40 ans, Equiparc continue d\u2019embellir les lieux publics en fabriquant du mobilier urbain plus qu\u2019utilitaire en r\u00e9unissant design, qualit\u00e9 et durabilit\u00e9.","robots":{"index":"index","follow":"follow","max-snippet":"max-snippet:-1","max-image-preview":"max-image-preview:large","max-video-preview":"max-video-preview:-1"},"canonical":"https:\/\/equiparc.com\/fr\/a-propos-equiparc\/qui-sommes-nous\/","og_locale":"fr_CA","og_type":"article","og_title":"Qui sommes-nous ? | Equiparc","og_description":"Apr\u00e8s plus de 40 ans, Equiparc continue d\u2019embellir les lieux publics en fabriquant du mobilier urbain plus qu\u2019utilitaire en r\u00e9unissant design, qualit\u00e9 et durabilit\u00e9.","og_url":"https:\/\/equiparc.com\/fr\/a-propos-equiparc\/qui-sommes-nous\/","og_site_name":"Equiparc","article_publisher":"https:\/\/www.facebook.com\/Equiparcmobilierurbain","article_modified_time":"2023-05-31T15:27:14+00:00","og_image":[{"url":"https:\/\/www.staging.equiparc.com\/wp-content\/uploads\/2022\/04\/design-popup-button.png","type":"","width":"","height":""}],"twitter_card":"summary_large_image","twitter_site":"@equiparc","twitter_misc":{"Estimation du temps de lecture":"2 minutes"},"schema":{"@context":"https:\/\/schema.org","@graph":[{"@type":"WebPage","@id":"https:\/\/equiparc.com\/fr\/a-propos-equiparc\/qui-sommes-nous\/","url":"https:\/\/equiparc.com\/fr\/a-propos-equiparc\/qui-sommes-nous\/","name":"Qui sommes-nous ? | Equiparc","isPartOf":{"@id":"https:\/\/equiparc.com\/fr\/#website"},"primaryImageOfPage":{"@id":"https:\/\/equiparc.com\/fr\/a-propos-equiparc\/qui-sommes-nous\/#primaryimage"},"image":{"@id":"https:\/\/equiparc.com\/fr\/a-propos-equiparc\/qui-sommes-nous\/#primaryimage"},"thumbnailUrl":"https:\/\/www.staging.equiparc.com\/wp-content\/uploads\/2022\/04\/design-popup-button.png","datePublished":"2022-04-20T14:39:35+00:00","dateModified":"2023-05-31T15:27:14+00:00","description":"Apr\u00e8s plus de 40 ans, Equiparc continue d\u2019embellir les lieux publics en fabriquant du mobilier urbain plus qu\u2019utilitaire en r\u00e9unissant design, qualit\u00e9 et durabilit\u00e9.","breadcrumb":{"@id":"https:\/\/equiparc.com\/fr\/a-propos-equiparc\/qui-sommes-nous\/#breadcrumb"},"inLanguage":"fr-CA","potentialAction":[{"@type":"ReadAction","target":["https:\/\/equiparc.com\/fr\/a-propos-equiparc\/qui-sommes-nous\/"]}]},{"@type":"ImageObject","inLanguage":"fr-CA","@id":"https:\/\/equiparc.com\/fr\/a-propos-equiparc\/qui-sommes-nous\/#primaryimage","url":"https:\/\/www.staging.equiparc.com\/wp-content\/uploads\/2022\/04\/design-popup-button.png","contentUrl":"https:\/\/www.staging.equiparc.com\/wp-content\/uploads\/2022\/04\/design-popup-button.png"},{"@type":"BreadcrumbList","@id":"https:\/\/equiparc.com\/fr\/a-propos-equiparc\/qui-sommes-nous\/#breadcrumb","itemListElement":[{"@type":"ListItem","position":1,"name":"Home","item":"https:\/\/equiparc.com\/fr\/"},{"@type":"ListItem","position":2,"name":"\u00c0 propos | Equiparc","item":"https:\/\/www.staging.equiparc.com\/fr\/a-propos-equiparc\/"},{"@type":"ListItem","position":3,"name":"Qui sommes nous ? | Equiparc"}]},{"@type":"WebSite","@id":"https:\/\/equiparc.com\/fr\/#website","url":"https:\/\/equiparc.com\/fr\/","name":"Equiparc","description":"","publisher":{"@id":"https:\/\/equiparc.com\/fr\/#organization"},"potentialAction":[{"@type":"SearchAction","target":{"@type":"EntryPoint","urlTemplate":"https:\/\/equiparc.com\/fr\/?s={search_term_string}"},"query-input":{"@type":"PropertyValueSpecification","valueRequired":true,"valueName":"search_term_string"}}],"inLanguage":"fr-CA"},{"@type":"Organization","@id":"https:\/\/equiparc.com\/fr\/#organization","name":"Equiparc","url":"https:\/\/equiparc.com\/fr\/","logo":{"@type":"ImageObject","inLanguage":"fr-CA","@id":"https:\/\/equiparc.com\/fr\/#\/schema\/logo\/image\/","url":"https:\/\/equiparc.com\/wp-content\/uploads\/2023\/07\/equiparc-smo.png","contentUrl":"https:\/\/equiparc.com\/wp-content\/uploads\/2023\/07\/equiparc-smo.png","width":576,"height":579,"caption":"Equiparc"},"image":{"@id":"https:\/\/equiparc.com\/fr\/#\/schema\/logo\/image\/"},"sameAs":["https:\/\/www.facebook.com\/Equiparcmobilierurbain","https:\/\/x.com\/equiparc"]}]}},"_links":{"self":[{"href":"https:\/\/equiparc.com\/fr\/wp-json\/wp\/v2\/pages\/12862","targetHints":{"allow":["GET"]}}],"collection":[{"href":"https:\/\/equiparc.com\/fr\/wp-json\/wp\/v2\/pages"}],"about":[{"href":"https:\/\/equiparc.com\/fr\/wp-json\/wp\/v2\/types\/page"}],"author":[{"embeddable":true,"href":"https:\/\/equiparc.com\/fr\/wp-json\/wp\/v2\/users\/7"}],"replies":[{"embeddable":true,"href":"https:\/\/equiparc.com\/fr\/wp-json\/wp\/v2\/comments?post=12862"}],"version-history":[{"count":1,"href":"https:\/\/equiparc.com\/fr\/wp-json\/wp\/v2\/pages\/12862\/revisions"}],"predecessor-version":[{"id":21201,"href":"https:\/\/equiparc.com\/fr\/wp-json\/wp\/v2\/pages\/12862\/revisions\/21201"}],"up":[{"embeddable":true,"href":"https:\/\/equiparc.com\/fr\/wp-json\/wp\/v2\/pages\/12860"}],"wp:attachment":[{"href":"https:\/\/equiparc.com\/fr\/wp-json\/wp\/v2\/media?parent=12862"}],"curies":[{"name":"wp","href":"https:\/\/api.w.org\/{rel}","templated":true}]}}